{"id":6401,"date":"2023-10-05T20:30:51","date_gmt":"2023-10-05T17:30:51","guid":{"rendered":"https:\/\/test.styleside.fi\/paberkotid\/"},"modified":"2025-12-19T14:24:42","modified_gmt":"2025-12-19T12:24:42","slug":"paberkotid","status":"publish","type":"page","link":"https:\/\/test.styleside.fi\/et\/paberkotid\/","title":{"rendered":"Paberkotid"},"content":{"rendered":"\t\t<div data-elementor-type=\"wp-page\" data-elementor-id=\"6401\" class=\"elementor elementor-6401 elementor-3435\">\n\t\t\t\t\t\t<section class=\"elementor-section elementor-top-section elementor-element elementor-element-220abe43 elementor-section-boxed elementor-section-height-default elementor-section-height-default\" data-id=\"220abe43\" data-element_type=\"section\" data-e-type=\"section\">\n\t\t\t\t\t\t<div class=\"elementor-container elementor-column-gap-default\">\n\t\t\t\t\t<div class=\"elementor-column elementor-col-100 elementor-top-column elementor-element elementor-element-1baf6ed5\" data-id=\"1baf6ed5\" data-element_type=\"column\" data-e-type=\"column\">\n\t\t\t<div class=\"elementor-widget-wrap elementor-element-populated\">\n\t\t\t\t\t\t<div class=\"elementor-element elementor-element-5cc27d0c elementor-widget elementor-widget-heading\" data-id=\"5cc27d0c\" data-element_type=\"widget\" data-e-type=\"widget\" data-widget_type=\"heading.default\">\n\t\t\t\t<div class=\"elementor-widget-container\">\n\t\t\t\t\t<h1 class=\"elementor-heading-title elementor-size-default\">Paberkotid<\/h1>\t\t\t\t<\/div>\n\t\t\t\t<\/div>\n\t\t\t\t\t<\/div>\n\t\t<\/div>\n\t\t\t\t\t<\/div>\n\t\t<\/section>\n\t\t\t\t<section class=\"elementor-section elementor-top-section elementor-element elementor-element-405e205b elementor-section-boxed elementor-section-height-default elementor-section-height-default\" data-id=\"405e205b\" data-element_type=\"section\" data-e-type=\"section\">\n\t\t\t\t\t\t<div class=\"elementor-container elementor-column-gap-default\">\n\t\t\t\t\t<div class=\"elementor-column elementor-col-100 elementor-top-column elementor-element elementor-element-514df7fa\" data-id=\"514df7fa\" data-element_type=\"column\" data-e-type=\"column\">\n\t\t\t<div class=\"elementor-widget-wrap elementor-element-populated\">\n\t\t\t\t\t\t<div class=\"elementor-element elementor-element-7fb836bd elementor-widget elementor-widget-text-editor\" data-id=\"7fb836bd\" data-element_type=\"widget\" data-e-type=\"widget\" data-widget_type=\"text-editor.default\">\n\t\t\t\t<div class=\"elementor-widget-container\">\n\t\t\t\t\t\t\t\t\t<p>Paberkotid on mugavad ja keskkonnas\u00f5bralikud pakendid toidu transportimiseks ja s\u00e4ilitamiseks. Need on valmistatud paberist ja neid kasutatakse toidu pakendamiseks toidupoodides, pagari\u00e4rides, kohvikutes ja restoranides. Paberikotte kasutatakse ka puuviljade, k\u00f6\u00f6giviljade, kommide ja ka toidu valmistamisel kasutatavate koostisosade, n\u00e4iteks riisi, jahu ja muude maitseainete pakendamiseks Paberikotte on populaarne keskkonnas\u00f5bralik valik, kuna need on tavaliselt biolagunevad ja taaskasutatavad. Lisaks v\u00f5ivad need olla kasulikud toidu s\u00e4ilitamiseks, kuna aitavad toidul s\u00e4ilitada oma v\u00e4rskust. Siiski on oluline, et toidupaberikotid oleksid puhtad ja toiduga kasutamiseks ohutud ning kasutaksid sobivaid t\u00f5kkeid, et v\u00e4ltida rasva ja niiskuse l\u00e4bilaskmist.    <\/p>\n<p> <\/p>\t\t\t\t\t\t\t\t<\/div>\n\t\t\t\t<\/div>\n\t\t\t\t\t<\/div>\n\t\t<\/div>\n\t\t\t\t\t<\/div>\n\t\t<\/section>\n\t\t\t\t<section class=\"elementor-section elementor-top-section elementor-element elementor-element-30fa79de elementor-section-boxed elementor-section-height-default elementor-section-height-default\" data-id=\"30fa79de\" data-element_type=\"section\" data-e-type=\"section\">\n\t\t\t\t\t\t<div class=\"elementor-container elementor-column-gap-default\">\n\t\t\t\t\t<div class=\"elementor-column elementor-col-20 elementor-top-column elementor-element elementor-element-1c7a1d80\" data-id=\"1c7a1d80\" data-element_type=\"column\" data-e-type=\"column\">\n\t\t\t<div class=\"elementor-widget-wrap elementor-element-populated\">\n\t\t\t\t\t\t<div class=\"elementor-element elementor-element-7cb0e2cc elementor-position-top elementor-widget elementor-widget-image-box\" data-id=\"7cb0e2cc\" data-element_type=\"widget\" data-e-type=\"widget\" data-widget_type=\"image-box.default\">\n\t\t\t\t<div class=\"elementor-widget-container\">\n\t\t\t\t\t<div class=\"elementor-image-box-wrapper\"><figure class=\"elementor-image-box-img\"><img fetchpriority=\"high\" decoding=\"async\" width=\"600\" height=\"600\" src=\"https:\/\/test.styleside.fi\/wp-content\/uploads\/2024\/02\/saiakott.png\" class=\"attachment-full size-full wp-image-6103\" alt=\"\" srcset=\"https:\/\/test.styleside.fi\/wp-content\/uploads\/2024\/02\/saiakott.png 600w, https:\/\/test.styleside.fi\/wp-content\/uploads\/2024\/02\/saiakott-300x300.png 300w, https:\/\/test.styleside.fi\/wp-content\/uploads\/2024\/02\/saiakott-150x150.png 150w, https:\/\/test.styleside.fi\/wp-content\/uploads\/2024\/02\/saiakott-100x100.png 100w\" sizes=\"(max-width: 600px) 100vw, 600px\" \/><\/figure><div class=\"elementor-image-box-content\"><h3 class=\"elementor-image-box-title\">Toidukott<\/h3><\/div><\/div>\t\t\t\t<\/div>\n\t\t\t\t<\/div>\n\t\t\t\t\t<\/div>\n\t\t<\/div>\n\t\t\t\t<div class=\"elementor-column elementor-col-20 elementor-top-column elementor-element elementor-element-efea8c0\" data-id=\"efea8c0\" data-element_type=\"column\" data-e-type=\"column\">\n\t\t\t<div class=\"elementor-widget-wrap elementor-element-populated\">\n\t\t\t\t\t\t<div class=\"elementor-element elementor-element-4d962649 elementor-position-top elementor-widget elementor-widget-image-box\" data-id=\"4d962649\" data-element_type=\"widget\" data-e-type=\"widget\" data-widget_type=\"image-box.default\">\n\t\t\t\t<div class=\"elementor-widget-container\">\n\t\t\t\t\t<div class=\"elementor-image-box-wrapper\"><figure class=\"elementor-image-box-img\"><img decoding=\"async\" width=\"600\" height=\"600\" src=\"https:\/\/test.styleside.fi\/wp-content\/uploads\/2024\/02\/saiakotid.png\" class=\"attachment-full size-full wp-image-6085\" alt=\"\" srcset=\"https:\/\/test.styleside.fi\/wp-content\/uploads\/2024\/02\/saiakotid.png 600w, https:\/\/test.styleside.fi\/wp-content\/uploads\/2024\/02\/saiakotid-300x300.png 300w, https:\/\/test.styleside.fi\/wp-content\/uploads\/2024\/02\/saiakotid-150x150.png 150w, https:\/\/test.styleside.fi\/wp-content\/uploads\/2024\/02\/saiakotid-100x100.png 100w\" sizes=\"(max-width: 600px) 100vw, 600px\" \/><\/figure><div class=\"elementor-image-box-content\"><h3 class=\"elementor-image-box-title\">Paberikott<\/h3><\/div><\/div>\t\t\t\t<\/div>\n\t\t\t\t<\/div>\n\t\t\t\t\t<\/div>\n\t\t<\/div>\n\t\t\t\t<div class=\"elementor-column elementor-col-20 elementor-top-column elementor-element elementor-element-6aa95404\" data-id=\"6aa95404\" data-element_type=\"column\" data-e-type=\"column\">\n\t\t\t<div class=\"elementor-widget-wrap elementor-element-populated\">\n\t\t\t\t\t\t<div class=\"elementor-element elementor-element-1dffcebb elementor-position-top elementor-widget elementor-widget-image-box\" data-id=\"1dffcebb\" data-element_type=\"widget\" data-e-type=\"widget\" data-widget_type=\"image-box.default\">\n\t\t\t\t<div class=\"elementor-widget-container\">\n\t\t\t\t\t<div class=\"elementor-image-box-wrapper\"><figure class=\"elementor-image-box-img\"><img decoding=\"async\" width=\"600\" height=\"600\" src=\"https:\/\/test.styleside.fi\/wp-content\/uploads\/2024\/02\/croissantikott.png\" class=\"attachment-full size-full wp-image-6095\" alt=\"\" srcset=\"https:\/\/test.styleside.fi\/wp-content\/uploads\/2024\/02\/croissantikott.png 600w, https:\/\/test.styleside.fi\/wp-content\/uploads\/2024\/02\/croissantikott-300x300.png 300w, https:\/\/test.styleside.fi\/wp-content\/uploads\/2024\/02\/croissantikott-150x150.png 150w, https:\/\/test.styleside.fi\/wp-content\/uploads\/2024\/02\/croissantikott-100x100.png 100w\" sizes=\"(max-width: 600px) 100vw, 600px\" \/><\/figure><div class=\"elementor-image-box-content\"><h3 class=\"elementor-image-box-title\">Toidukott<\/h3><\/div><\/div>\t\t\t\t<\/div>\n\t\t\t\t<\/div>\n\t\t\t\t\t<\/div>\n\t\t<\/div>\n\t\t\t\t<div class=\"elementor-column elementor-col-20 elementor-top-column elementor-element elementor-element-b1bd9f8\" data-id=\"b1bd9f8\" data-element_type=\"column\" data-e-type=\"column\">\n\t\t\t<div class=\"elementor-widget-wrap elementor-element-populated\">\n\t\t\t\t\t\t<div class=\"elementor-element elementor-element-ae873f5 elementor-position-top elementor-widget elementor-widget-image-box\" data-id=\"ae873f5\" data-element_type=\"widget\" data-e-type=\"widget\" data-widget_type=\"image-box.default\">\n\t\t\t\t<div class=\"elementor-widget-container\">\n\t\t\t\t\t<div class=\"elementor-image-box-wrapper\"><figure class=\"elementor-image-box-img\"><img loading=\"lazy\" decoding=\"async\" width=\"600\" height=\"600\" src=\"https:\/\/test.styleside.fi\/wp-content\/uploads\/2024\/02\/donits.png\" class=\"attachment-full size-full wp-image-6105\" alt=\"\" srcset=\"https:\/\/test.styleside.fi\/wp-content\/uploads\/2024\/02\/donits.png 600w, https:\/\/test.styleside.fi\/wp-content\/uploads\/2024\/02\/donits-300x300.png 300w, https:\/\/test.styleside.fi\/wp-content\/uploads\/2024\/02\/donits-150x150.png 150w, https:\/\/test.styleside.fi\/wp-content\/uploads\/2024\/02\/donits-100x100.png 100w\" sizes=\"(max-width: 600px) 100vw, 600px\" \/><\/figure><div class=\"elementor-image-box-content\"><h3 class=\"elementor-image-box-title\">Toidutasku<\/h3><\/div><\/div>\t\t\t\t<\/div>\n\t\t\t\t<\/div>\n\t\t\t\t\t<\/div>\n\t\t<\/div>\n\t\t\t\t<div class=\"elementor-column elementor-col-20 elementor-top-column elementor-element elementor-element-379da1f\" data-id=\"379da1f\" data-element_type=\"column\" data-e-type=\"column\">\n\t\t\t<div class=\"elementor-widget-wrap elementor-element-populated\">\n\t\t\t\t\t\t<div class=\"elementor-element elementor-element-26653d7 elementor-position-top elementor-widget elementor-widget-image-box\" data-id=\"26653d7\" data-element_type=\"widget\" data-e-type=\"widget\" data-widget_type=\"image-box.default\">\n\t\t\t\t<div class=\"elementor-widget-container\">\n\t\t\t\t\t<div class=\"elementor-image-box-wrapper\"><figure class=\"elementor-image-box-img\"><img loading=\"lazy\" decoding=\"async\" width=\"600\" height=\"600\" src=\"https:\/\/test.styleside.fi\/wp-content\/uploads\/2024\/02\/burgeri-tasku.png\" class=\"attachment-full size-full wp-image-6113\" alt=\"\" srcset=\"https:\/\/test.styleside.fi\/wp-content\/uploads\/2024\/02\/burgeri-tasku.png 600w, https:\/\/test.styleside.fi\/wp-content\/uploads\/2024\/02\/burgeri-tasku-300x300.png 300w, https:\/\/test.styleside.fi\/wp-content\/uploads\/2024\/02\/burgeri-tasku-150x150.png 150w, https:\/\/test.styleside.fi\/wp-content\/uploads\/2024\/02\/burgeri-tasku-100x100.png 100w\" sizes=\"(max-width: 600px) 100vw, 600px\" \/><\/figure><div class=\"elementor-image-box-content\"><h3 class=\"elementor-image-box-title\">Hamburgeritasku<\/h3><\/div><\/div>\t\t\t\t<\/div>\n\t\t\t\t<\/div>\n\t\t\t\t\t<\/div>\n\t\t<\/div>\n\t\t\t\t\t<\/div>\n\t\t<\/section>\n\t\t\t\t<section class=\"elementor-section elementor-top-section elementor-element elementor-element-6c8b3a3 elementor-section-boxed elementor-section-height-default elementor-section-height-default\" data-id=\"6c8b3a3\" data-element_type=\"section\" data-e-type=\"section\">\n\t\t\t\t\t\t<div class=\"elementor-container elementor-column-gap-default\">\n\t\t\t\t\t<div class=\"elementor-column elementor-col-33 elementor-top-column elementor-element elementor-element-6955b9a\" data-id=\"6955b9a\" data-element_type=\"column\" data-e-type=\"column\">\n\t\t\t<div class=\"elementor-widget-wrap\">\n\t\t\t\t\t\t\t<\/div>\n\t\t<\/div>\n\t\t\t\t<div class=\"elementor-column elementor-col-33 elementor-top-column elementor-element elementor-element-34dd81e\" data-id=\"34dd81e\" data-element_type=\"column\" data-e-type=\"column\">\n\t\t\t<div class=\"elementor-widget-wrap\">\n\t\t\t\t\t\t\t<\/div>\n\t\t<\/div>\n\t\t\t\t<div class=\"elementor-column elementor-col-33 elementor-top-column elementor-element elementor-element-4bbe8ab\" data-id=\"4bbe8ab\" data-element_type=\"column\" data-e-type=\"column\">\n\t\t\t<div class=\"elementor-widget-wrap\">\n\t\t\t\t\t\t\t<\/div>\n\t\t<\/div>\n\t\t\t\t\t<\/div>\n\t\t<\/section>\n\t\t\t\t<\/div>\n\t\t","protected":false},"excerpt":{"rendered":"<p>Paberkotid Paberkotid on mugavad ja keskkonnas\u00f5bralikud pakendid toidu transportimiseks ja s\u00e4ilitamiseks. Need on valmistatud paberist ja neid kasutatakse toidu pakendamiseks toidupoodides, pagari\u00e4rides, kohvikutes ja restoranides. Paberikotte kasutatakse ka puuviljade, k\u00f6\u00f6giviljade, kommide ja ka toidu valmistamisel kasutatavate koostisosade, n\u00e4iteks riisi, jahu ja muude maitseainete pakendamiseks Paberikotte on populaarne keskkonnas\u00f5bralik valik, kuna need on tavaliselt biolagunevad ja [&hellip;]<\/p>\n","protected":false},"author":1,"featured_media":0,"parent":0,"menu_order":0,"comment_status":"closed","ping_status":"closed","template":"","meta":{"_acf_changed":false,"om_disable_all_campaigns":false,"_monsterinsights_skip_tracking":false,"_monsterinsights_sitenote_active":false,"_monsterinsights_sitenote_note":"","_monsterinsights_sitenote_category":0,"site-sidebar-layout":"no-sidebar","site-content-layout":"page-builder","ast-site-content-layout":"full-width-container","site-content-style":"unboxed","site-sidebar-style":"unboxed","ast-global-header-display":"","ast-banner-title-visibility":"","ast-main-header-display":"","ast-hfb-above-header-display":"","ast-hfb-below-header-display":"","ast-hfb-mobile-header-display":"","site-post-title":"disabled","ast-breadcrumbs-content":"","ast-featured-img":"disabled","footer-sml-layout":"","ast-disable-related-posts":"","theme-transparent-header-meta":"default","adv-header-id-meta":"","stick-header-meta":"","header-above-stick-meta":"","header-main-stick-meta":"","header-below-stick-meta":"","astra-migrate-meta-layouts":"default","ast-page-background-enabled":"default","ast-page-background-meta":{"desktop":{"background-color":"","background-image":"","background-repeat":"repeat","background-position":"center center","background-size":"auto","background-attachment":"scroll","background-type":"","background-media":"","overlay-type":"","overlay-color":"","overlay-opacity":"","overlay-gradient":""},"tablet":{"background-color":"","background-image":"","background-repeat":"repeat","background-position":"center center","background-size":"auto","background-attachment":"scroll","background-type":"","background-media":"","overlay-type":"","overlay-color":"","overlay-opacity":"","overlay-gradient":""},"mobile":{"background-color":"","background-image":"","background-repeat":"repeat","background-position":"center center","background-size":"auto","background-attachment":"scroll","background-type":"","background-media":"","overlay-type":"","overlay-color":"","overlay-opacity":"","overlay-gradient":""}},"ast-content-background-meta":{"desktop":{"background-color":"var(--ast-global-color-5)","background-image":"","background-repeat":"repeat","background-position":"center center","background-size":"auto","background-attachment":"scroll","background-type":"","background-media":"","overlay-type":"","overlay-color":"","overlay-opacity":"","overlay-gradient":""},"tablet":{"background-color":"var(--ast-global-color-5)","background-image":"","background-repeat":"repeat","background-position":"center center","background-size":"auto","background-attachment":"scroll","background-type":"","background-media":"","overlay-type":"","overlay-color":"","overlay-opacity":"","overlay-gradient":""},"mobile":{"background-color":"var(--ast-global-color-5)","background-image":"","background-repeat":"repeat","background-position":"center center","background-size":"auto","background-attachment":"scroll","background-type":"","background-media":"","overlay-type":"","overlay-color":"","overlay-opacity":"","overlay-gradient":""}},"footnotes":""},"class_list":["post-6401","page","type-page","status-publish","hentry"],"acf":[],"yoast_head":"<!-- This site is optimized with the Yoast SEO plugin v27.2 - https:\/\/yoast.com\/product\/yoast-seo-wordpress\/ -->\n<title>Paberkotid -<\/title>\n<meta name=\"description\" content=\"paberkotid, tr\u00fckitud paberkotid, toidukott, tr\u00fckitud toidukott, hamburgeri tasku\" \/>\n<meta name=\"robots\" content=\"noindex, follow, max-snippet:-1, max-image-preview:large, max-video-preview:-1\" \/>\n<meta property=\"og:locale\" content=\"et_EE\" \/>\n<meta property=\"og:type\" content=\"article\" \/>\n<meta property=\"og:title\" content=\"Paberkotid -\" \/>\n<meta property=\"og:description\" content=\"paberkotid, tr\u00fckitud paberkotid, toidukott, tr\u00fckitud toidukott, hamburgeri tasku\" \/>\n<meta property=\"og:url\" content=\"https:\/\/test.styleside.fi\/et\/paberkotid\/\" \/>\n<meta property=\"article:modified_time\" content=\"2025-12-19T12:24:42+00:00\" \/>\n<meta property=\"og:image\" content=\"https:\/\/test.styleside.fi\/wp-content\/uploads\/2024\/02\/saiakott.png\" \/>\n\t<meta property=\"og:image:width\" content=\"600\" \/>\n\t<meta property=\"og:image:height\" content=\"600\" \/>\n\t<meta property=\"og:image:type\" content=\"image\/png\" \/>\n<meta name=\"twitter:card\" content=\"summary_large_image\" \/>\n<meta name=\"twitter:label1\" content=\"Est. reading time\" \/>\n\t<meta name=\"twitter:data1\" content=\"1 minute\" \/>\n<script type=\"application\/ld+json\" class=\"yoast-schema-graph\">{\"@context\":\"https:\/\/schema.org\",\"@graph\":[{\"@type\":\"WebPage\",\"@id\":\"https:\/\/test.styleside.fi\/et\/paberkotid\/\",\"url\":\"https:\/\/test.styleside.fi\/et\/paberkotid\/\",\"name\":\"Paberkotid -\",\"isPartOf\":{\"@id\":\"https:\/\/test.styleside.fi\/et\/#website\"},\"primaryImageOfPage\":{\"@id\":\"https:\/\/test.styleside.fi\/et\/paberkotid\/#primaryimage\"},\"image\":{\"@id\":\"https:\/\/test.styleside.fi\/et\/paberkotid\/#primaryimage\"},\"thumbnailUrl\":\"https:\/\/test.styleside.fi\/wp-content\/uploads\/2024\/02\/saiakott.png\",\"datePublished\":\"2023-10-05T17:30:51+00:00\",\"dateModified\":\"2025-12-19T12:24:42+00:00\",\"description\":\"paberkotid, tr\u00fckitud paberkotid, toidukott, tr\u00fckitud toidukott, hamburgeri tasku\",\"breadcrumb\":{\"@id\":\"https:\/\/test.styleside.fi\/et\/paberkotid\/#breadcrumb\"},\"inLanguage\":\"et\",\"potentialAction\":[{\"@type\":\"ReadAction\",\"target\":[\"https:\/\/test.styleside.fi\/et\/paberkotid\/\"]}]},{\"@type\":\"ImageObject\",\"inLanguage\":\"et\",\"@id\":\"https:\/\/test.styleside.fi\/et\/paberkotid\/#primaryimage\",\"url\":\"https:\/\/test.styleside.fi\/wp-content\/uploads\/2024\/02\/saiakott.png\",\"contentUrl\":\"https:\/\/test.styleside.fi\/wp-content\/uploads\/2024\/02\/saiakott.png\"},{\"@type\":\"BreadcrumbList\",\"@id\":\"https:\/\/test.styleside.fi\/et\/paberkotid\/#breadcrumb\",\"itemListElement\":[{\"@type\":\"ListItem\",\"position\":1,\"name\":\"Etusivu\",\"item\":\"https:\/\/test.styleside.fi\/et\/kodu\/\"},{\"@type\":\"ListItem\",\"position\":2,\"name\":\"Paberkotid\"}]},{\"@type\":\"WebSite\",\"@id\":\"https:\/\/test.styleside.fi\/et\/#website\",\"url\":\"https:\/\/test.styleside.fi\/et\/\",\"name\":\"\",\"description\":\"\",\"potentialAction\":[{\"@type\":\"SearchAction\",\"target\":{\"@type\":\"EntryPoint\",\"urlTemplate\":\"https:\/\/test.styleside.fi\/et\/?s={search_term_string}\"},\"query-input\":{\"@type\":\"PropertyValueSpecification\",\"valueRequired\":true,\"valueName\":\"search_term_string\"}}],\"inLanguage\":\"et\"}]}<\/script>\n<!-- \/ Yoast SEO plugin. -->","yoast_head_json":{"title":"Paberkotid -","description":"paberkotid, tr\u00fckitud paberkotid, toidukott, tr\u00fckitud toidukott, hamburgeri tasku","robots":{"index":"noindex","follow":"follow","max-snippet":"max-snippet:-1","max-image-preview":"max-image-preview:large","max-video-preview":"max-video-preview:-1"},"og_locale":"et_EE","og_type":"article","og_title":"Paberkotid -","og_description":"paberkotid, tr\u00fckitud paberkotid, toidukott, tr\u00fckitud toidukott, hamburgeri tasku","og_url":"https:\/\/test.styleside.fi\/et\/paberkotid\/","article_modified_time":"2025-12-19T12:24:42+00:00","og_image":[{"width":600,"height":600,"url":"https:\/\/test.styleside.fi\/wp-content\/uploads\/2024\/02\/saiakott.png","type":"image\/png"}],"twitter_card":"summary_large_image","twitter_misc":{"Est. reading time":"1 minute"},"schema":{"@context":"https:\/\/schema.org","@graph":[{"@type":"WebPage","@id":"https:\/\/test.styleside.fi\/et\/paberkotid\/","url":"https:\/\/test.styleside.fi\/et\/paberkotid\/","name":"Paberkotid -","isPartOf":{"@id":"https:\/\/test.styleside.fi\/et\/#website"},"primaryImageOfPage":{"@id":"https:\/\/test.styleside.fi\/et\/paberkotid\/#primaryimage"},"image":{"@id":"https:\/\/test.styleside.fi\/et\/paberkotid\/#primaryimage"},"thumbnailUrl":"https:\/\/test.styleside.fi\/wp-content\/uploads\/2024\/02\/saiakott.png","datePublished":"2023-10-05T17:30:51+00:00","dateModified":"2025-12-19T12:24:42+00:00","description":"paberkotid, tr\u00fckitud paberkotid, toidukott, tr\u00fckitud toidukott, hamburgeri tasku","breadcrumb":{"@id":"https:\/\/test.styleside.fi\/et\/paberkotid\/#breadcrumb"},"inLanguage":"et","potentialAction":[{"@type":"ReadAction","target":["https:\/\/test.styleside.fi\/et\/paberkotid\/"]}]},{"@type":"ImageObject","inLanguage":"et","@id":"https:\/\/test.styleside.fi\/et\/paberkotid\/#primaryimage","url":"https:\/\/test.styleside.fi\/wp-content\/uploads\/2024\/02\/saiakott.png","contentUrl":"https:\/\/test.styleside.fi\/wp-content\/uploads\/2024\/02\/saiakott.png"},{"@type":"BreadcrumbList","@id":"https:\/\/test.styleside.fi\/et\/paberkotid\/#breadcrumb","itemListElement":[{"@type":"ListItem","position":1,"name":"Etusivu","item":"https:\/\/test.styleside.fi\/et\/kodu\/"},{"@type":"ListItem","position":2,"name":"Paberkotid"}]},{"@type":"WebSite","@id":"https:\/\/test.styleside.fi\/et\/#website","url":"https:\/\/test.styleside.fi\/et\/","name":"","description":"","potentialAction":[{"@type":"SearchAction","target":{"@type":"EntryPoint","urlTemplate":"https:\/\/test.styleside.fi\/et\/?s={search_term_string}"},"query-input":{"@type":"PropertyValueSpecification","valueRequired":true,"valueName":"search_term_string"}}],"inLanguage":"et"}]}},"_links":{"self":[{"href":"https:\/\/test.styleside.fi\/et\/wp-json\/wp\/v2\/pages\/6401","targetHints":{"allow":["GET"]}}],"collection":[{"href":"https:\/\/test.styleside.fi\/et\/wp-json\/wp\/v2\/pages"}],"about":[{"href":"https:\/\/test.styleside.fi\/et\/wp-json\/wp\/v2\/types\/page"}],"author":[{"embeddable":true,"href":"https:\/\/test.styleside.fi\/et\/wp-json\/wp\/v2\/users\/1"}],"replies":[{"embeddable":true,"href":"https:\/\/test.styleside.fi\/et\/wp-json\/wp\/v2\/comments?post=6401"}],"version-history":[{"count":4,"href":"https:\/\/test.styleside.fi\/et\/wp-json\/wp\/v2\/pages\/6401\/revisions"}],"predecessor-version":[{"id":7894,"href":"https:\/\/test.styleside.fi\/et\/wp-json\/wp\/v2\/pages\/6401\/revisions\/7894"}],"wp:attachment":[{"href":"https:\/\/test.styleside.fi\/et\/wp-json\/wp\/v2\/media?parent=6401"}],"curies":[{"name":"wp","href":"https:\/\/api.w.org\/{rel}","templated":true}]}}