{"id":6406,"date":"2018-11-27T09:17:08","date_gmt":"2018-11-27T07:17:08","guid":{"rendered":"https:\/\/test.styleside.fi\/kohta\/"},"modified":"2025-04-23T15:44:42","modified_gmt":"2025-04-23T12:44:42","slug":"kohta","status":"publish","type":"page","link":"https:\/\/test.styleside.fi\/et\/kohta\/","title":{"rendered":"kohta"},"content":{"rendered":"\t\t<div data-elementor-type=\"wp-page\" data-elementor-id=\"6406\" class=\"elementor elementor-6406 elementor-3413\">\n\t\t\t\t\t\t<section class=\"elementor-section elementor-top-section elementor-element elementor-element-0404f32 elementor-section-boxed elementor-section-height-default elementor-section-height-default\" data-id=\"0404f32\" data-element_type=\"section\" data-e-type=\"section\">\n\t\t\t\t\t\t<div class=\"elementor-container elementor-column-gap-default\">\n\t\t\t\t\t<div class=\"elementor-column elementor-col-50 elementor-top-column elementor-element elementor-element-90376c8\" data-id=\"90376c8\" data-element_type=\"column\" data-e-type=\"column\">\n\t\t\t<div class=\"elementor-widget-wrap elementor-element-populated\">\n\t\t\t\t\t\t<div class=\"elementor-element elementor-element-b8be7bb elementor-widget elementor-widget-heading\" data-id=\"b8be7bb\" data-element_type=\"widget\" data-e-type=\"widget\" data-widget_type=\"heading.default\">\n\t\t\t\t<div class=\"elementor-widget-container\">\n\t\t\t\t\t<h2 class=\"elementor-heading-title elementor-size-default\">Styleside<\/h2>\t\t\t\t<\/div>\n\t\t\t\t<\/div>\n\t\t\t\t<div class=\"elementor-element elementor-element-6271b92 elementor-widget elementor-widget-text-editor\" data-id=\"6271b92\" data-element_type=\"widget\" data-e-type=\"widget\" data-widget_type=\"text-editor.default\">\n\t\t\t\t<div class=\"elementor-widget-container\">\n\t\t\t\t\t\t\t\t\t<p>Styleside on uuenduslik ja usaldusv\u00e4\u00e4rne ettev\u00f5te, mis on spetsialiseerunud kaubam\u00e4rgiga toodete tootmisele ja m\u00fc\u00fcgile. Oleme uhked, et pakume kvaliteetseid ja kohandatud lahendusi, mis aitavad meie klientidel tugevdada oma kaubam\u00e4rki ja eristuda konkurentidest. <\/p>\n<p><strong>Meie teenused ja tooted:<\/strong><\/p>\n<ul>\n<li>Pakume laia valikut kaubam\u00e4rgiga tooteid.<\/li>\n<li>Me saame kohandada iga toote teie kaubam\u00e4rgile<\/li>\n<li>Meie toodete kvaliteet ja vastupidavus on meie jaoks \u00fclimalt olulised ja me tagame, et iga toode vastab meie klientide k\u00f5rgeimatele standarditele.<\/li>\n<\/ul>\n<p><strong>Miks valida meid:<\/strong><\/p>\n<ul>\n<li>Meie kogenud meeskond pakub asjatundlikku abi toodete projekteerimisel ja valikul.<\/li>\n<li>Konkurentsiv\u00f5imelised hinnad ja paindlikud tarneajad.<\/li>\n<li>Klientide rahulolu on meie prioriteet number \u00fcks ja me teeme k\u00f5ik endast oleneva, et iga klient oleks l\u00f5pptulemusega rahul.<\/li>\n<\/ul>\n<p> <\/p>\n<p><strong>V\u00f5tke meiega \u00fchendust:<\/strong><\/p>\n<p>Kas otsite kaubam\u00e4rgiga ettev\u00f5tte kingitusi, m\u00fc\u00fcgi- ja turundusmaterjale v\u00f5i muid kohandatud tooteid, Styleside on \u00f5ige partner. V\u00f5tke meiega \u00fchendust aadressil <strong>info@styleside.fi<\/strong> v\u00f5i <strong>myynti@styleside.fi<\/strong>, et arutada, kuidas me saame aidata teil tugevdada oma kaubam\u00e4rki ja saavutada oma eesm\u00e4rke. <\/p>\t\t\t\t\t\t\t\t<\/div>\n\t\t\t\t<\/div>\n\t\t\t\t\t<\/div>\n\t\t<\/div>\n\t\t\t\t<div class=\"elementor-column elementor-col-50 elementor-top-column elementor-element elementor-element-2b99da1\" data-id=\"2b99da1\" data-element_type=\"column\" data-e-type=\"column\">\n\t\t\t<div class=\"elementor-widget-wrap elementor-element-populated\">\n\t\t\t\t\t\t<div class=\"elementor-element elementor-element-559fdd9 elementor-position-top elementor-widget elementor-widget-image-box\" data-id=\"559fdd9\" data-element_type=\"widget\" data-e-type=\"widget\" data-widget_type=\"image-box.default\">\n\t\t\t\t<div class=\"elementor-widget-container\">\n\t\t\t\t\t<div class=\"elementor-image-box-wrapper\"><figure class=\"elementor-image-box-img\"><img fetchpriority=\"high\" decoding=\"async\" width=\"1280\" height=\"919\" src=\"https:\/\/test.styleside.fi\/wp-content\/uploads\/2023\/02\/seed-paper-bags-container-packaging-7484581.jpg\" class=\"attachment-full size-full wp-image-5807\" alt=\"\" srcset=\"https:\/\/test.styleside.fi\/wp-content\/uploads\/2023\/02\/seed-paper-bags-container-packaging-7484581.jpg 1280w, https:\/\/test.styleside.fi\/wp-content\/uploads\/2023\/02\/seed-paper-bags-container-packaging-7484581-300x215.jpg 300w, https:\/\/test.styleside.fi\/wp-content\/uploads\/2023\/02\/seed-paper-bags-container-packaging-7484581-1024x735.jpg 1024w, https:\/\/test.styleside.fi\/wp-content\/uploads\/2023\/02\/seed-paper-bags-container-packaging-7484581-768x551.jpg 768w, https:\/\/test.styleside.fi\/wp-content\/uploads\/2023\/02\/seed-paper-bags-container-packaging-7484581-600x431.jpg 600w\" sizes=\"(max-width: 1280px) 100vw, 1280px\" \/><\/figure><\/div>\t\t\t\t<\/div>\n\t\t\t\t<\/div>\n\t\t\t\t\t<\/div>\n\t\t<\/div>\n\t\t\t\t\t<\/div>\n\t\t<\/section>\n\t\t\t\t<\/div>\n\t\t","protected":false},"excerpt":{"rendered":"<p>Styleside Styleside on uuenduslik ja usaldusv\u00e4\u00e4rne ettev\u00f5te, mis on spetsialiseerunud kaubam\u00e4rgiga toodete tootmisele ja m\u00fc\u00fcgile. Oleme uhked, et pakume kvaliteetseid ja kohandatud lahendusi, mis aitavad meie klientidel tugevdada oma kaubam\u00e4rki ja eristuda konkurentidest. Meie teenused ja tooted: Pakume laia valikut kaubam\u00e4rgiga tooteid. Me saame kohandada iga toote teie kaubam\u00e4rgile Meie toodete kvaliteet ja vastupidavus on [&hellip;]<\/p>\n","protected":false},"author":1,"featured_media":0,"parent":0,"menu_order":0,"comment_status":"closed","ping_status":"closed","template":"","meta":{"_acf_changed":false,"om_disable_all_campaigns":false,"_monsterinsights_skip_tracking":false,"_monsterinsights_sitenote_active":false,"_monsterinsights_sitenote_note":"","_monsterinsights_sitenote_category":0,"site-sidebar-layout":"no-sidebar","site-content-layout":"page-builder","ast-site-content-layout":"full-width-container","site-content-style":"unboxed","site-sidebar-style":"unboxed","ast-global-header-display":"","ast-banner-title-visibility":"","ast-main-header-display":"","ast-hfb-above-header-display":"","ast-hfb-below-header-display":"","ast-hfb-mobile-header-display":"","site-post-title":"disabled","ast-breadcrumbs-content":"","ast-featured-img":"disabled","footer-sml-layout":"","ast-disable-related-posts":"","theme-transparent-header-meta":"enabled","adv-header-id-meta":"","stick-header-meta":"","header-above-stick-meta":"","header-main-stick-meta":"","header-below-stick-meta":"","astra-migrate-meta-layouts":"default","ast-page-background-enabled":"default","ast-page-background-meta":{"desktop":{"background-color":"","background-image":"","background-repeat":"repeat","background-position":"center center","background-size":"auto","background-attachment":"scroll","background-type":"","background-media":"","overlay-type":"","overlay-color":"","overlay-opacity":"","overlay-gradient":""},"tablet":{"background-color":"","background-image":"","background-repeat":"repeat","background-position":"center center","background-size":"auto","background-attachment":"scroll","background-type":"","background-media":"","overlay-type":"","overlay-color":"","overlay-opacity":"","overlay-gradient":""},"mobile":{"background-color":"","background-image":"","background-repeat":"repeat","background-position":"center center","background-size":"auto","background-attachment":"scroll","background-type":"","background-media":"","overlay-type":"","overlay-color":"","overlay-opacity":"","overlay-gradient":""}},"ast-content-background-meta":{"desktop":{"background-color":"var(--ast-global-color-5)","background-image":"","background-repeat":"repeat","background-position":"center center","background-size":"auto","background-attachment":"scroll","background-type":"","background-media":"","overlay-type":"","overlay-color":"","overlay-opacity":"","overlay-gradient":""},"tablet":{"background-color":"var(--ast-global-color-5)","background-image":"","background-repeat":"repeat","background-position":"center center","background-size":"auto","background-attachment":"scroll","background-type":"","background-media":"","overlay-type":"","overlay-color":"","overlay-opacity":"","overlay-gradient":""},"mobile":{"background-color":"var(--ast-global-color-5)","background-image":"","background-repeat":"repeat","background-position":"center center","background-size":"auto","background-attachment":"scroll","background-type":"","background-media":"","overlay-type":"","overlay-color":"","overlay-opacity":"","overlay-gradient":""}},"footnotes":""},"class_list":["post-6406","page","type-page","status-publish","hentry"],"acf":[],"yoast_head":"<!-- This site is optimized with the Yoast SEO plugin v27.2 - https:\/\/yoast.com\/product\/yoast-seo-wordpress\/ -->\n<title>Styleside<\/title>\n<meta name=\"description\" content=\"stiilide, konkurentsiv\u00f5imeliste hindadega, meie kogenud meeskond,\" \/>\n<meta name=\"robots\" content=\"noindex, follow, max-snippet:-1, max-image-preview:large, max-video-preview:-1\" \/>\n<meta property=\"og:locale\" content=\"et_EE\" \/>\n<meta property=\"og:type\" content=\"article\" \/>\n<meta property=\"og:title\" content=\"Styleside\" \/>\n<meta property=\"og:description\" content=\"stiilide, konkurentsiv\u00f5imeliste hindadega, meie kogenud meeskond,\" \/>\n<meta property=\"og:url\" content=\"https:\/\/test.styleside.fi\/et\/kohta\/\" \/>\n<meta property=\"article:modified_time\" content=\"2025-04-23T12:44:42+00:00\" \/>\n<meta property=\"og:image\" content=\"https:\/\/styleside.fi\/wp-content\/uploads\/2023\/02\/seed-paper-bags-container-packaging-7484581.jpg\" \/>\n<meta name=\"twitter:card\" content=\"summary_large_image\" \/>\n<meta name=\"twitter:label1\" content=\"Est. reading time\" \/>\n\t<meta name=\"twitter:data1\" content=\"1 minute\" \/>\n<script type=\"application\/ld+json\" class=\"yoast-schema-graph\">{\"@context\":\"https:\/\/schema.org\",\"@graph\":[{\"@type\":\"WebPage\",\"@id\":\"https:\/\/test.styleside.fi\/et\/kohta\/\",\"url\":\"https:\/\/test.styleside.fi\/et\/kohta\/\",\"name\":\"Styleside\",\"isPartOf\":{\"@id\":\"https:\/\/test.styleside.fi\/et\/#website\"},\"primaryImageOfPage\":{\"@id\":\"https:\/\/test.styleside.fi\/et\/kohta\/#primaryimage\"},\"image\":{\"@id\":\"https:\/\/test.styleside.fi\/et\/kohta\/#primaryimage\"},\"thumbnailUrl\":\"https:\/\/styleside.fi\/wp-content\/uploads\/2023\/02\/seed-paper-bags-container-packaging-7484581.jpg\",\"datePublished\":\"2018-11-27T07:17:08+00:00\",\"dateModified\":\"2025-04-23T12:44:42+00:00\",\"description\":\"stiilide, konkurentsiv\u00f5imeliste hindadega, meie kogenud meeskond,\",\"breadcrumb\":{\"@id\":\"https:\/\/test.styleside.fi\/et\/kohta\/#breadcrumb\"},\"inLanguage\":\"et\",\"potentialAction\":[{\"@type\":\"ReadAction\",\"target\":[\"https:\/\/test.styleside.fi\/et\/kohta\/\"]}]},{\"@type\":\"ImageObject\",\"inLanguage\":\"et\",\"@id\":\"https:\/\/test.styleside.fi\/et\/kohta\/#primaryimage\",\"url\":\"https:\/\/styleside.fi\/wp-content\/uploads\/2023\/02\/seed-paper-bags-container-packaging-7484581.jpg\",\"contentUrl\":\"https:\/\/styleside.fi\/wp-content\/uploads\/2023\/02\/seed-paper-bags-container-packaging-7484581.jpg\"},{\"@type\":\"BreadcrumbList\",\"@id\":\"https:\/\/test.styleside.fi\/et\/kohta\/#breadcrumb\",\"itemListElement\":[{\"@type\":\"ListItem\",\"position\":1,\"name\":\"Etusivu\",\"item\":\"https:\/\/test.styleside.fi\/et\/kodu\/\"},{\"@type\":\"ListItem\",\"position\":2,\"name\":\"kohta\"}]},{\"@type\":\"WebSite\",\"@id\":\"https:\/\/test.styleside.fi\/et\/#website\",\"url\":\"https:\/\/test.styleside.fi\/et\/\",\"name\":\"\",\"description\":\"\",\"potentialAction\":[{\"@type\":\"SearchAction\",\"target\":{\"@type\":\"EntryPoint\",\"urlTemplate\":\"https:\/\/test.styleside.fi\/et\/?s={search_term_string}\"},\"query-input\":{\"@type\":\"PropertyValueSpecification\",\"valueRequired\":true,\"valueName\":\"search_term_string\"}}],\"inLanguage\":\"et\"}]}<\/script>\n<!-- \/ Yoast SEO plugin. -->","yoast_head_json":{"title":"Styleside","description":"stiilide, konkurentsiv\u00f5imeliste hindadega, meie kogenud meeskond,","robots":{"index":"noindex","follow":"follow","max-snippet":"max-snippet:-1","max-image-preview":"max-image-preview:large","max-video-preview":"max-video-preview:-1"},"og_locale":"et_EE","og_type":"article","og_title":"Styleside","og_description":"stiilide, konkurentsiv\u00f5imeliste hindadega, meie kogenud meeskond,","og_url":"https:\/\/test.styleside.fi\/et\/kohta\/","article_modified_time":"2025-04-23T12:44:42+00:00","og_image":[{"url":"https:\/\/styleside.fi\/wp-content\/uploads\/2023\/02\/seed-paper-bags-container-packaging-7484581.jpg","type":"","width":"","height":""}],"twitter_card":"summary_large_image","twitter_misc":{"Est. reading time":"1 minute"},"schema":{"@context":"https:\/\/schema.org","@graph":[{"@type":"WebPage","@id":"https:\/\/test.styleside.fi\/et\/kohta\/","url":"https:\/\/test.styleside.fi\/et\/kohta\/","name":"Styleside","isPartOf":{"@id":"https:\/\/test.styleside.fi\/et\/#website"},"primaryImageOfPage":{"@id":"https:\/\/test.styleside.fi\/et\/kohta\/#primaryimage"},"image":{"@id":"https:\/\/test.styleside.fi\/et\/kohta\/#primaryimage"},"thumbnailUrl":"https:\/\/styleside.fi\/wp-content\/uploads\/2023\/02\/seed-paper-bags-container-packaging-7484581.jpg","datePublished":"2018-11-27T07:17:08+00:00","dateModified":"2025-04-23T12:44:42+00:00","description":"stiilide, konkurentsiv\u00f5imeliste hindadega, meie kogenud meeskond,","breadcrumb":{"@id":"https:\/\/test.styleside.fi\/et\/kohta\/#breadcrumb"},"inLanguage":"et","potentialAction":[{"@type":"ReadAction","target":["https:\/\/test.styleside.fi\/et\/kohta\/"]}]},{"@type":"ImageObject","inLanguage":"et","@id":"https:\/\/test.styleside.fi\/et\/kohta\/#primaryimage","url":"https:\/\/styleside.fi\/wp-content\/uploads\/2023\/02\/seed-paper-bags-container-packaging-7484581.jpg","contentUrl":"https:\/\/styleside.fi\/wp-content\/uploads\/2023\/02\/seed-paper-bags-container-packaging-7484581.jpg"},{"@type":"BreadcrumbList","@id":"https:\/\/test.styleside.fi\/et\/kohta\/#breadcrumb","itemListElement":[{"@type":"ListItem","position":1,"name":"Etusivu","item":"https:\/\/test.styleside.fi\/et\/kodu\/"},{"@type":"ListItem","position":2,"name":"kohta"}]},{"@type":"WebSite","@id":"https:\/\/test.styleside.fi\/et\/#website","url":"https:\/\/test.styleside.fi\/et\/","name":"","description":"","potentialAction":[{"@type":"SearchAction","target":{"@type":"EntryPoint","urlTemplate":"https:\/\/test.styleside.fi\/et\/?s={search_term_string}"},"query-input":{"@type":"PropertyValueSpecification","valueRequired":true,"valueName":"search_term_string"}}],"inLanguage":"et"}]}},"_links":{"self":[{"href":"https:\/\/test.styleside.fi\/et\/wp-json\/wp\/v2\/pages\/6406","targetHints":{"allow":["GET"]}}],"collection":[{"href":"https:\/\/test.styleside.fi\/et\/wp-json\/wp\/v2\/pages"}],"about":[{"href":"https:\/\/test.styleside.fi\/et\/wp-json\/wp\/v2\/types\/page"}],"author":[{"embeddable":true,"href":"https:\/\/test.styleside.fi\/et\/wp-json\/wp\/v2\/users\/1"}],"replies":[{"embeddable":true,"href":"https:\/\/test.styleside.fi\/et\/wp-json\/wp\/v2\/comments?post=6406"}],"version-history":[{"count":5,"href":"https:\/\/test.styleside.fi\/et\/wp-json\/wp\/v2\/pages\/6406\/revisions"}],"predecessor-version":[{"id":7023,"href":"https:\/\/test.styleside.fi\/et\/wp-json\/wp\/v2\/pages\/6406\/revisions\/7023"}],"wp:attachment":[{"href":"https:\/\/test.styleside.fi\/et\/wp-json\/wp\/v2\/media?parent=6406"}],"curies":[{"name":"wp","href":"https:\/\/api.w.org\/{rel}","templated":true}]}}