{"id":6408,"date":"2023-10-05T20:30:51","date_gmt":"2023-10-05T17:30:51","guid":{"rendered":"https:\/\/test.styleside.fi\/kilekotid\/"},"modified":"2025-04-08T10:26:23","modified_gmt":"2025-04-08T07:26:23","slug":"kilekotid","status":"publish","type":"page","link":"https:\/\/test.styleside.fi\/et\/kilekotid\/","title":{"rendered":"Kilekotid"},"content":{"rendered":"\t\t<div data-elementor-type=\"wp-page\" data-elementor-id=\"6408\" class=\"elementor elementor-6408 elementor-3437\">\n\t\t\t\t\t\t<section class=\"elementor-section elementor-top-section elementor-element elementor-element-7a9e5067 elementor-section-boxed elementor-section-height-default elementor-section-height-default\" data-id=\"7a9e5067\" data-element_type=\"section\" data-e-type=\"section\">\n\t\t\t\t\t\t<div class=\"elementor-container elementor-column-gap-default\">\n\t\t\t\t\t<div class=\"elementor-column elementor-col-100 elementor-top-column elementor-element elementor-element-20a943ac\" data-id=\"20a943ac\" data-element_type=\"column\" data-e-type=\"column\">\n\t\t\t<div class=\"elementor-widget-wrap elementor-element-populated\">\n\t\t\t\t\t\t<div class=\"elementor-element elementor-element-6b02d58b elementor-widget elementor-widget-heading\" data-id=\"6b02d58b\" data-element_type=\"widget\" data-e-type=\"widget\" data-widget_type=\"heading.default\">\n\t\t\t\t<div class=\"elementor-widget-container\">\n\t\t\t\t\t<h1 class=\"elementor-heading-title elementor-size-default\">Kilekotid<\/h1>\t\t\t\t<\/div>\n\t\t\t\t<\/div>\n\t\t\t\t\t<\/div>\n\t\t<\/div>\n\t\t\t\t\t<\/div>\n\t\t<\/section>\n\t\t\t\t<section class=\"elementor-section elementor-top-section elementor-element elementor-element-2d624353 elementor-section-boxed elementor-section-height-default elementor-section-height-default\" data-id=\"2d624353\" data-element_type=\"section\" data-e-type=\"section\">\n\t\t\t\t\t\t<div class=\"elementor-container elementor-column-gap-default\">\n\t\t\t\t\t<div class=\"elementor-column elementor-col-100 elementor-top-column elementor-element elementor-element-23522725\" data-id=\"23522725\" data-element_type=\"column\" data-e-type=\"column\">\n\t\t\t<div class=\"elementor-widget-wrap elementor-element-populated\">\n\t\t\t\t\t\t<div class=\"elementor-element elementor-element-5b4804d6 elementor-widget elementor-widget-text-editor\" data-id=\"5b4804d6\" data-element_type=\"widget\" data-e-type=\"widget\" data-widget_type=\"text-editor.default\">\n\t\t\t\t<div class=\"elementor-widget-container\">\n\t\t\t\t\t\t\t\t\t<p>Kilekotte kasutatakse laialdaselt kogu maailmas ning neid kasutatakse paljudes erinevates olukordades, n\u00e4iteks toidupoes, kaupade transportimisel ja ladustamisel ning paljudes muudes igap\u00e4evastes vajadustes. Kilekotid on k\u00f5ige sagedamini valmistatud pol\u00fcet\u00fcleenist v\u00f5i pol\u00fcprop\u00fcleenist. Kilekotte v\u00f5ib siiski olla eri t\u00fc\u00fcpi ja paksusega, s\u00f5ltuvalt kasutusotstarbest.  <\/p>\n<p> <\/p>\t\t\t\t\t\t\t\t<\/div>\n\t\t\t\t<\/div>\n\t\t\t\t\t<\/div>\n\t\t<\/div>\n\t\t\t\t\t<\/div>\n\t\t<\/section>\n\t\t\t\t<section class=\"elementor-section elementor-top-section elementor-element elementor-element-36e5646a elementor-section-boxed elementor-section-height-default elementor-section-height-default\" data-id=\"36e5646a\" data-element_type=\"section\" data-e-type=\"section\">\n\t\t\t\t\t\t<div class=\"elementor-container elementor-column-gap-default\">\n\t\t\t\t\t<div class=\"elementor-column elementor-col-20 elementor-top-column elementor-element elementor-element-4604be66\" data-id=\"4604be66\" data-element_type=\"column\" data-e-type=\"column\">\n\t\t\t<div class=\"elementor-widget-wrap\">\n\t\t\t\t\t\t\t<\/div>\n\t\t<\/div>\n\t\t\t\t<div class=\"elementor-column elementor-col-20 elementor-top-column elementor-element elementor-element-6ab5074\" data-id=\"6ab5074\" data-element_type=\"column\" data-e-type=\"column\">\n\t\t\t<div class=\"elementor-widget-wrap elementor-element-populated\">\n\t\t\t\t\t\t<div class=\"elementor-element elementor-element-8cb5bea elementor-position-top elementor-widget elementor-widget-image-box\" data-id=\"8cb5bea\" data-element_type=\"widget\" data-e-type=\"widget\" data-widget_type=\"image-box.default\">\n\t\t\t\t<div class=\"elementor-widget-container\">\n\t\t\t\t\t<div class=\"elementor-image-box-wrapper\"><figure class=\"elementor-image-box-img\"><img fetchpriority=\"high\" decoding=\"async\" width=\"599\" height=\"600\" src=\"https:\/\/test.styleside.fi\/wp-content\/uploads\/2024\/02\/kilekott.png\" class=\"attachment-full size-full wp-image-6075\" alt=\"\" srcset=\"https:\/\/test.styleside.fi\/wp-content\/uploads\/2024\/02\/kilekott.png 599w, https:\/\/test.styleside.fi\/wp-content\/uploads\/2024\/02\/kilekott-300x300.png 300w, https:\/\/test.styleside.fi\/wp-content\/uploads\/2024\/02\/kilekott-150x150.png 150w, https:\/\/test.styleside.fi\/wp-content\/uploads\/2024\/02\/kilekott-100x100.png 100w\" sizes=\"(max-width: 599px) 100vw, 599px\" \/><\/figure><div class=\"elementor-image-box-content\"><h3 class=\"elementor-image-box-title\">T-s\u00e4rgi kilekott<\/h3><\/div><\/div>\t\t\t\t<\/div>\n\t\t\t\t<\/div>\n\t\t\t\t\t<\/div>\n\t\t<\/div>\n\t\t\t\t<div class=\"elementor-column elementor-col-20 elementor-top-column elementor-element elementor-element-323b5b5d\" data-id=\"323b5b5d\" data-element_type=\"column\" data-e-type=\"column\">\n\t\t\t<div class=\"elementor-widget-wrap elementor-element-populated\">\n\t\t\t\t\t\t<div class=\"elementor-element elementor-element-56b785c1 elementor-position-top elementor-widget elementor-widget-image-box\" data-id=\"56b785c1\" data-element_type=\"widget\" data-e-type=\"widget\" data-widget_type=\"image-box.default\">\n\t\t\t\t<div class=\"elementor-widget-container\">\n\t\t\t\t\t<div class=\"elementor-image-box-wrapper\"><figure class=\"elementor-image-box-img\"><img decoding=\"async\" width=\"600\" height=\"600\" src=\"https:\/\/test.styleside.fi\/wp-content\/uploads\/2024\/02\/kilekott-auk.png\" class=\"attachment-full size-full wp-image-6073\" alt=\"\" srcset=\"https:\/\/test.styleside.fi\/wp-content\/uploads\/2024\/02\/kilekott-auk.png 600w, https:\/\/test.styleside.fi\/wp-content\/uploads\/2024\/02\/kilekott-auk-300x300.png 300w, https:\/\/test.styleside.fi\/wp-content\/uploads\/2024\/02\/kilekott-auk-150x150.png 150w, https:\/\/test.styleside.fi\/wp-content\/uploads\/2024\/02\/kilekott-auk-100x100.png 100w\" sizes=\"(max-width: 600px) 100vw, 600px\" \/><\/figure><div class=\"elementor-image-box-content\"><h3 class=\"elementor-image-box-title\">Tie cut kilekott<\/h3><\/div><\/div>\t\t\t\t<\/div>\n\t\t\t\t<\/div>\n\t\t\t\t\t<\/div>\n\t\t<\/div>\n\t\t\t\t<div class=\"elementor-column elementor-col-20 elementor-top-column elementor-element elementor-element-7453531\" data-id=\"7453531\" data-element_type=\"column\" data-e-type=\"column\">\n\t\t\t<div class=\"elementor-widget-wrap\">\n\t\t\t\t\t\t\t<\/div>\n\t\t<\/div>\n\t\t\t\t<div class=\"elementor-column elementor-col-20 elementor-top-column elementor-element elementor-element-16390ab6\" data-id=\"16390ab6\" data-element_type=\"column\" data-e-type=\"column\">\n\t\t\t<div class=\"elementor-widget-wrap\">\n\t\t\t\t\t\t\t<\/div>\n\t\t<\/div>\n\t\t\t\t\t<\/div>\n\t\t<\/section>\n\t\t\t\t<\/div>\n\t\t","protected":false},"excerpt":{"rendered":"<p>Kilekotid Kilekotte kasutatakse laialdaselt kogu maailmas ning neid kasutatakse paljudes erinevates olukordades, n\u00e4iteks toidupoes, kaupade transportimisel ja ladustamisel ning paljudes muudes igap\u00e4evastes vajadustes. Kilekotid on k\u00f5ige sagedamini valmistatud pol\u00fcet\u00fcleenist v\u00f5i pol\u00fcprop\u00fcleenist. Kilekotte v\u00f5ib siiski olla eri t\u00fc\u00fcpi ja paksusega, s\u00f5ltuvalt kasutusotstarbest. T-s\u00e4rgi kilekott Tie cut kilekott<\/p>\n","protected":false},"author":1,"featured_media":0,"parent":0,"menu_order":0,"comment_status":"closed","ping_status":"closed","template":"","meta":{"_acf_changed":false,"om_disable_all_campaigns":false,"_monsterinsights_skip_tracking":false,"_monsterinsights_sitenote_active":false,"_monsterinsights_sitenote_note":"","_monsterinsights_sitenote_category":0,"site-sidebar-layout":"no-sidebar","site-content-layout":"page-builder","ast-site-content-layout":"full-width-container","site-content-style":"unboxed","site-sidebar-style":"unboxed","ast-global-header-display":"","ast-banner-title-visibility":"","ast-main-header-display":"","ast-hfb-above-header-display":"","ast-hfb-below-header-display":"","ast-hfb-mobile-header-display":"","site-post-title":"disabled","ast-breadcrumbs-content":"","ast-featured-img":"disabled","footer-sml-layout":"","ast-disable-related-posts":"","theme-transparent-header-meta":"default","adv-header-id-meta":"","stick-header-meta":"","header-above-stick-meta":"","header-main-stick-meta":"","header-below-stick-meta":"","astra-migrate-meta-layouts":"default","ast-page-background-enabled":"default","ast-page-background-meta":{"desktop":{"background-color":"","background-image":"","background-repeat":"repeat","background-position":"center center","background-size":"auto","background-attachment":"scroll","background-type":"","background-media":"","overlay-type":"","overlay-color":"","overlay-opacity":"","overlay-gradient":""},"tablet":{"background-color":"","background-image":"","background-repeat":"repeat","background-position":"center center","background-size":"auto","background-attachment":"scroll","background-type":"","background-media":"","overlay-type":"","overlay-color":"","overlay-opacity":"","overlay-gradient":""},"mobile":{"background-color":"","background-image":"","background-repeat":"repeat","background-position":"center center","background-size":"auto","background-attachment":"scroll","background-type":"","background-media":"","overlay-type":"","overlay-color":"","overlay-opacity":"","overlay-gradient":""}},"ast-content-background-meta":{"desktop":{"background-color":"var(--ast-global-color-5)","background-image":"","background-repeat":"repeat","background-position":"center center","background-size":"auto","background-attachment":"scroll","background-type":"","background-media":"","overlay-type":"","overlay-color":"","overlay-opacity":"","overlay-gradient":""},"tablet":{"background-color":"var(--ast-global-color-5)","background-image":"","background-repeat":"repeat","background-position":"center center","background-size":"auto","background-attachment":"scroll","background-type":"","background-media":"","overlay-type":"","overlay-color":"","overlay-opacity":"","overlay-gradient":""},"mobile":{"background-color":"var(--ast-global-color-5)","background-image":"","background-repeat":"repeat","background-position":"center center","background-size":"auto","background-attachment":"scroll","background-type":"","background-media":"","overlay-type":"","overlay-color":"","overlay-opacity":"","overlay-gradient":""}},"footnotes":""},"class_list":["post-6408","page","type-page","status-publish","hentry"],"acf":[],"yoast_head":"<!-- This site is optimized with the Yoast SEO plugin v27.2 - https:\/\/yoast.com\/product\/yoast-seo-wordpress\/ -->\n<title>Kilekotid -<\/title>\n<meta name=\"description\" content=\"kilekotid, kilekotid, kilekotid, t-s\u00e4rkide kilekotid, tr\u00fckitud kilekotid, logoga kilekotid.\" \/>\n<meta name=\"robots\" content=\"noindex, follow, max-snippet:-1, max-image-preview:large, max-video-preview:-1\" \/>\n<meta property=\"og:locale\" content=\"et_EE\" \/>\n<meta property=\"og:type\" content=\"article\" \/>\n<meta property=\"og:title\" content=\"Kilekotid -\" \/>\n<meta property=\"og:description\" content=\"kilekotid, kilekotid, kilekotid, t-s\u00e4rkide kilekotid, tr\u00fckitud kilekotid, logoga kilekotid.\" \/>\n<meta property=\"og:url\" content=\"https:\/\/test.styleside.fi\/et\/kilekotid\/\" \/>\n<meta property=\"article:modified_time\" content=\"2025-04-08T07:26:23+00:00\" \/>\n<meta property=\"og:image\" content=\"https:\/\/en.styleside.fi\/wp-content\/uploads\/2024\/02\/kilekott.png\" \/>\n<meta name=\"twitter:card\" content=\"summary_large_image\" \/>\n<script type=\"application\/ld+json\" class=\"yoast-schema-graph\">{\"@context\":\"https:\/\/schema.org\",\"@graph\":[{\"@type\":\"WebPage\",\"@id\":\"https:\/\/test.styleside.fi\/et\/kilekotid\/\",\"url\":\"https:\/\/test.styleside.fi\/et\/kilekotid\/\",\"name\":\"Kilekotid -\",\"isPartOf\":{\"@id\":\"https:\/\/test.styleside.fi\/et\/#website\"},\"primaryImageOfPage\":{\"@id\":\"https:\/\/test.styleside.fi\/et\/kilekotid\/#primaryimage\"},\"image\":{\"@id\":\"https:\/\/test.styleside.fi\/et\/kilekotid\/#primaryimage\"},\"thumbnailUrl\":\"https:\/\/en.styleside.fi\/wp-content\/uploads\/2024\/02\/kilekott.png\",\"datePublished\":\"2023-10-05T17:30:51+00:00\",\"dateModified\":\"2025-04-08T07:26:23+00:00\",\"description\":\"kilekotid, kilekotid, kilekotid, t-s\u00e4rkide kilekotid, tr\u00fckitud kilekotid, logoga kilekotid.\",\"breadcrumb\":{\"@id\":\"https:\/\/test.styleside.fi\/et\/kilekotid\/#breadcrumb\"},\"inLanguage\":\"et\",\"potentialAction\":[{\"@type\":\"ReadAction\",\"target\":[\"https:\/\/test.styleside.fi\/et\/kilekotid\/\"]}]},{\"@type\":\"ImageObject\",\"inLanguage\":\"et\",\"@id\":\"https:\/\/test.styleside.fi\/et\/kilekotid\/#primaryimage\",\"url\":\"https:\/\/en.styleside.fi\/wp-content\/uploads\/2024\/02\/kilekott.png\",\"contentUrl\":\"https:\/\/en.styleside.fi\/wp-content\/uploads\/2024\/02\/kilekott.png\"},{\"@type\":\"BreadcrumbList\",\"@id\":\"https:\/\/test.styleside.fi\/et\/kilekotid\/#breadcrumb\",\"itemListElement\":[{\"@type\":\"ListItem\",\"position\":1,\"name\":\"Etusivu\",\"item\":\"https:\/\/test.styleside.fi\/et\/kodu\/\"},{\"@type\":\"ListItem\",\"position\":2,\"name\":\"Kilekotid\"}]},{\"@type\":\"WebSite\",\"@id\":\"https:\/\/test.styleside.fi\/et\/#website\",\"url\":\"https:\/\/test.styleside.fi\/et\/\",\"name\":\"\",\"description\":\"\",\"potentialAction\":[{\"@type\":\"SearchAction\",\"target\":{\"@type\":\"EntryPoint\",\"urlTemplate\":\"https:\/\/test.styleside.fi\/et\/?s={search_term_string}\"},\"query-input\":{\"@type\":\"PropertyValueSpecification\",\"valueRequired\":true,\"valueName\":\"search_term_string\"}}],\"inLanguage\":\"et\"}]}<\/script>\n<!-- \/ Yoast SEO plugin. -->","yoast_head_json":{"title":"Kilekotid -","description":"kilekotid, kilekotid, kilekotid, t-s\u00e4rkide kilekotid, tr\u00fckitud kilekotid, logoga kilekotid.","robots":{"index":"noindex","follow":"follow","max-snippet":"max-snippet:-1","max-image-preview":"max-image-preview:large","max-video-preview":"max-video-preview:-1"},"og_locale":"et_EE","og_type":"article","og_title":"Kilekotid -","og_description":"kilekotid, kilekotid, kilekotid, t-s\u00e4rkide kilekotid, tr\u00fckitud kilekotid, logoga kilekotid.","og_url":"https:\/\/test.styleside.fi\/et\/kilekotid\/","article_modified_time":"2025-04-08T07:26:23+00:00","og_image":[{"url":"https:\/\/en.styleside.fi\/wp-content\/uploads\/2024\/02\/kilekott.png","type":"","width":"","height":""}],"twitter_card":"summary_large_image","schema":{"@context":"https:\/\/schema.org","@graph":[{"@type":"WebPage","@id":"https:\/\/test.styleside.fi\/et\/kilekotid\/","url":"https:\/\/test.styleside.fi\/et\/kilekotid\/","name":"Kilekotid -","isPartOf":{"@id":"https:\/\/test.styleside.fi\/et\/#website"},"primaryImageOfPage":{"@id":"https:\/\/test.styleside.fi\/et\/kilekotid\/#primaryimage"},"image":{"@id":"https:\/\/test.styleside.fi\/et\/kilekotid\/#primaryimage"},"thumbnailUrl":"https:\/\/en.styleside.fi\/wp-content\/uploads\/2024\/02\/kilekott.png","datePublished":"2023-10-05T17:30:51+00:00","dateModified":"2025-04-08T07:26:23+00:00","description":"kilekotid, kilekotid, kilekotid, t-s\u00e4rkide kilekotid, tr\u00fckitud kilekotid, logoga kilekotid.","breadcrumb":{"@id":"https:\/\/test.styleside.fi\/et\/kilekotid\/#breadcrumb"},"inLanguage":"et","potentialAction":[{"@type":"ReadAction","target":["https:\/\/test.styleside.fi\/et\/kilekotid\/"]}]},{"@type":"ImageObject","inLanguage":"et","@id":"https:\/\/test.styleside.fi\/et\/kilekotid\/#primaryimage","url":"https:\/\/en.styleside.fi\/wp-content\/uploads\/2024\/02\/kilekott.png","contentUrl":"https:\/\/en.styleside.fi\/wp-content\/uploads\/2024\/02\/kilekott.png"},{"@type":"BreadcrumbList","@id":"https:\/\/test.styleside.fi\/et\/kilekotid\/#breadcrumb","itemListElement":[{"@type":"ListItem","position":1,"name":"Etusivu","item":"https:\/\/test.styleside.fi\/et\/kodu\/"},{"@type":"ListItem","position":2,"name":"Kilekotid"}]},{"@type":"WebSite","@id":"https:\/\/test.styleside.fi\/et\/#website","url":"https:\/\/test.styleside.fi\/et\/","name":"","description":"","potentialAction":[{"@type":"SearchAction","target":{"@type":"EntryPoint","urlTemplate":"https:\/\/test.styleside.fi\/et\/?s={search_term_string}"},"query-input":{"@type":"PropertyValueSpecification","valueRequired":true,"valueName":"search_term_string"}}],"inLanguage":"et"}]}},"_links":{"self":[{"href":"https:\/\/test.styleside.fi\/et\/wp-json\/wp\/v2\/pages\/6408","targetHints":{"allow":["GET"]}}],"collection":[{"href":"https:\/\/test.styleside.fi\/et\/wp-json\/wp\/v2\/pages"}],"about":[{"href":"https:\/\/test.styleside.fi\/et\/wp-json\/wp\/v2\/types\/page"}],"author":[{"embeddable":true,"href":"https:\/\/test.styleside.fi\/et\/wp-json\/wp\/v2\/users\/1"}],"replies":[{"embeddable":true,"href":"https:\/\/test.styleside.fi\/et\/wp-json\/wp\/v2\/comments?post=6408"}],"version-history":[{"count":3,"href":"https:\/\/test.styleside.fi\/et\/wp-json\/wp\/v2\/pages\/6408\/revisions"}],"predecessor-version":[{"id":6591,"href":"https:\/\/test.styleside.fi\/et\/wp-json\/wp\/v2\/pages\/6408\/revisions\/6591"}],"wp:attachment":[{"href":"https:\/\/test.styleside.fi\/et\/wp-json\/wp\/v2\/media?parent=6408"}],"curies":[{"name":"wp","href":"https:\/\/api.w.org\/{rel}","templated":true}]}}