{"id":6409,"date":"2023-10-05T20:30:51","date_gmt":"2023-10-05T17:30:51","guid":{"rendered":"https:\/\/test.styleside.fi\/koti-kotid\/"},"modified":"2025-04-30T11:36:56","modified_gmt":"2025-04-30T08:36:56","slug":"korduvkasutatavad-kotid","status":"publish","type":"page","link":"https:\/\/test.styleside.fi\/et\/korduvkasutatavad-kotid\/","title":{"rendered":"Korduvkasutatavad kotid"},"content":{"rendered":"\t\t<div data-elementor-type=\"wp-page\" data-elementor-id=\"6409\" class=\"elementor elementor-6409 elementor-3436\">\n\t\t\t\t\t\t<section class=\"elementor-section elementor-top-section elementor-element elementor-element-4b11890f elementor-section-boxed elementor-section-height-default elementor-section-height-default\" data-id=\"4b11890f\" data-element_type=\"section\" data-e-type=\"section\">\n\t\t\t\t\t\t<div class=\"elementor-container elementor-column-gap-default\">\n\t\t\t\t\t<div class=\"elementor-column elementor-col-100 elementor-top-column elementor-element elementor-element-1e8177d4\" data-id=\"1e8177d4\" data-element_type=\"column\" data-e-type=\"column\">\n\t\t\t<div class=\"elementor-widget-wrap elementor-element-populated\">\n\t\t\t\t\t\t<div class=\"elementor-element elementor-element-5ec9c8f1 elementor-widget elementor-widget-heading\" data-id=\"5ec9c8f1\" data-element_type=\"widget\" data-e-type=\"widget\" data-widget_type=\"heading.default\">\n\t\t\t\t<div class=\"elementor-widget-container\">\n\t\t\t\t\t<h1 class=\"elementor-heading-title elementor-size-default\">Korduvkasutatavad kotid<\/h1>\t\t\t\t<\/div>\n\t\t\t\t<\/div>\n\t\t\t\t\t<\/div>\n\t\t<\/div>\n\t\t\t\t\t<\/div>\n\t\t<\/section>\n\t\t\t\t<section class=\"elementor-section elementor-top-section elementor-element elementor-element-797cafa7 elementor-section-boxed elementor-section-height-default elementor-section-height-default\" data-id=\"797cafa7\" data-element_type=\"section\" data-e-type=\"section\">\n\t\t\t\t\t\t<div class=\"elementor-container elementor-column-gap-default\">\n\t\t\t\t\t<div class=\"elementor-column elementor-col-100 elementor-top-column elementor-element elementor-element-2b6e5b5f\" data-id=\"2b6e5b5f\" data-element_type=\"column\" data-e-type=\"column\">\n\t\t\t<div class=\"elementor-widget-wrap elementor-element-populated\">\n\t\t\t\t\t\t<div class=\"elementor-element elementor-element-2b066437 elementor-widget elementor-widget-text-editor\" data-id=\"2b066437\" data-element_type=\"widget\" data-e-type=\"widget\" data-widget_type=\"text-editor.default\">\n\t\t\t\t<div class=\"elementor-widget-container\">\n\t\t\t\t\t\t\t\t\t<p>J\u00e4tkusuutlik kott on vastupidav ja kauakestev kott kui ostukott, mis on m\u00f5eldud pikaajaliseks korduvkasutamiseks. Kotte kasutatakse tavaliselt ostude tegemiseks ja kaupade kandmiseks ning neid v\u00f5ib olla mitmesuguse kuju ja suurusega. J\u00e4tkusuutlikud kotid v\u00f5ivad olla ka osa \u00f6koloogilisest eluviisist, mille eesm\u00e4rk on v\u00e4hendada tarbimist ja plastij\u00e4\u00e4tmeid. Korduvkasutatavaid kotte on mugav korduvalt kasutada, ilma et oleks vaja pidevalt uusi kilekotte v\u00f5i muid \u00fchekordseid koti alternatiive osta.   <\/p>\n<p>Non-wowen kott on vastupidav kott, mis on valmistatud mittekootud materjalist. Mittekootud materjal valmistatakse kiudude v\u00f5i l\u00f5ngade \u00fchendamise teel keemiliste, mehaaniliste v\u00f5i termiliste protsesside abil, ilma et kasutataks traditsioonilist kudumist v\u00f5i kudumist. See muudab lausmaterjali kergeks, kuid samas vastupidavaks ja kulumiskindlaks alternatiiviks vastupidavatele kottidele.  <\/p>\n<p>Puuvillane kott on vastupidav kott, mis on valmistatud puuvillasest kangast. Puuvill on looduslik kiud, mis on saadud puuvillataime seemnetest. <\/p>\n<p> <\/p>\t\t\t\t\t\t\t\t<\/div>\n\t\t\t\t<\/div>\n\t\t\t\t\t<\/div>\n\t\t<\/div>\n\t\t\t\t\t<\/div>\n\t\t<\/section>\n\t\t\t\t<section class=\"elementor-section elementor-top-section elementor-element elementor-element-3c739789 elementor-section-boxed elementor-section-height-default elementor-section-height-default\" data-id=\"3c739789\" data-element_type=\"section\" data-e-type=\"section\">\n\t\t\t\t\t\t<div class=\"elementor-container elementor-column-gap-default\">\n\t\t\t\t\t<div class=\"elementor-column elementor-col-20 elementor-top-column elementor-element elementor-element-19585234\" data-id=\"19585234\" data-element_type=\"column\" data-e-type=\"column\">\n\t\t\t<div class=\"elementor-widget-wrap\">\n\t\t\t\t\t\t\t<\/div>\n\t\t<\/div>\n\t\t\t\t<div class=\"elementor-column elementor-col-20 elementor-top-column elementor-element elementor-element-d56e410\" data-id=\"d56e410\" data-element_type=\"column\" data-e-type=\"column\">\n\t\t\t<div class=\"elementor-widget-wrap elementor-element-populated\">\n\t\t\t\t\t\t<div class=\"elementor-element elementor-element-6c3a8c3 elementor-position-top elementor-widget elementor-widget-image-box\" data-id=\"6c3a8c3\" data-element_type=\"widget\" data-e-type=\"widget\" data-widget_type=\"image-box.default\">\n\t\t\t\t<div class=\"elementor-widget-container\">\n\t\t\t\t\t<div class=\"elementor-image-box-wrapper\"><figure class=\"elementor-image-box-img\"><img fetchpriority=\"high\" decoding=\"async\" width=\"600\" height=\"600\" src=\"https:\/\/test.styleside.fi\/wp-content\/uploads\/2024\/02\/kangaskassi2-1.png\" class=\"attachment-full size-full wp-image-6115\" alt=\"\" srcset=\"https:\/\/test.styleside.fi\/wp-content\/uploads\/2024\/02\/kangaskassi2-1.png 600w, https:\/\/test.styleside.fi\/wp-content\/uploads\/2024\/02\/kangaskassi2-1-300x300.png 300w, https:\/\/test.styleside.fi\/wp-content\/uploads\/2024\/02\/kangaskassi2-1-150x150.png 150w, https:\/\/test.styleside.fi\/wp-content\/uploads\/2024\/02\/kangaskassi2-1-100x100.png 100w\" sizes=\"(max-width: 600px) 100vw, 600px\" \/><\/figure><div class=\"elementor-image-box-content\"><h3 class=\"elementor-image-box-title\">Non-woven kott<\/h3><\/div><\/div>\t\t\t\t<\/div>\n\t\t\t\t<\/div>\n\t\t\t\t\t<\/div>\n\t\t<\/div>\n\t\t\t\t<div class=\"elementor-column elementor-col-20 elementor-top-column elementor-element elementor-element-711b666\" data-id=\"711b666\" data-element_type=\"column\" data-e-type=\"column\">\n\t\t\t<div class=\"elementor-widget-wrap elementor-element-populated\">\n\t\t\t\t\t\t<div class=\"elementor-element elementor-element-1ca613eb elementor-position-top elementor-widget elementor-widget-image-box\" data-id=\"1ca613eb\" data-element_type=\"widget\" data-e-type=\"widget\" data-widget_type=\"image-box.default\">\n\t\t\t\t<div class=\"elementor-widget-container\">\n\t\t\t\t\t<div class=\"elementor-image-box-wrapper\"><figure class=\"elementor-image-box-img\"><img decoding=\"async\" width=\"600\" height=\"600\" src=\"https:\/\/test.styleside.fi\/wp-content\/uploads\/2024\/02\/cotton_bag3.png\" class=\"attachment-full size-full wp-image-6125\" alt=\"\" srcset=\"https:\/\/test.styleside.fi\/wp-content\/uploads\/2024\/02\/cotton_bag3.png 600w, https:\/\/test.styleside.fi\/wp-content\/uploads\/2024\/02\/cotton_bag3-300x300.png 300w, https:\/\/test.styleside.fi\/wp-content\/uploads\/2024\/02\/cotton_bag3-150x150.png 150w, https:\/\/test.styleside.fi\/wp-content\/uploads\/2024\/02\/cotton_bag3-100x100.png 100w\" sizes=\"(max-width: 600px) 100vw, 600px\" \/><\/figure><div class=\"elementor-image-box-content\"><h3 class=\"elementor-image-box-title\">Puuvillane kott<\/h3><\/div><\/div>\t\t\t\t<\/div>\n\t\t\t\t<\/div>\n\t\t\t\t\t<\/div>\n\t\t<\/div>\n\t\t\t\t<div class=\"elementor-column elementor-col-20 elementor-top-column elementor-element elementor-element-8220a20\" data-id=\"8220a20\" data-element_type=\"column\" data-e-type=\"column\">\n\t\t\t<div class=\"elementor-widget-wrap elementor-element-populated\">\n\t\t\t\t\t\t<div class=\"elementor-element elementor-element-45e4d9dd elementor-position-top elementor-widget elementor-widget-image-box\" data-id=\"45e4d9dd\" data-element_type=\"widget\" data-e-type=\"widget\" data-widget_type=\"image-box.default\">\n\t\t\t\t<div class=\"elementor-widget-container\">\n\t\t\t\t\t<div class=\"elementor-image-box-wrapper\"><figure class=\"elementor-image-box-img\"><img decoding=\"async\" width=\"600\" height=\"600\" src=\"https:\/\/test.styleside.fi\/wp-content\/uploads\/2024\/02\/kangaskott.png\" class=\"attachment-full size-full wp-image-6071\" alt=\"\" srcset=\"https:\/\/test.styleside.fi\/wp-content\/uploads\/2024\/02\/kangaskott.png 600w, https:\/\/test.styleside.fi\/wp-content\/uploads\/2024\/02\/kangaskott-300x300.png 300w, https:\/\/test.styleside.fi\/wp-content\/uploads\/2024\/02\/kangaskott-150x150.png 150w, https:\/\/test.styleside.fi\/wp-content\/uploads\/2024\/02\/kangaskott-100x100.png 100w\" sizes=\"(max-width: 600px) 100vw, 600px\" \/><\/figure><div class=\"elementor-image-box-content\"><h3 class=\"elementor-image-box-title\">Non-woven kott<\/h3><\/div><\/div>\t\t\t\t<\/div>\n\t\t\t\t<\/div>\n\t\t\t\t\t<\/div>\n\t\t<\/div>\n\t\t\t\t<div class=\"elementor-column elementor-col-20 elementor-top-column elementor-element elementor-element-9f088d8\" data-id=\"9f088d8\" data-element_type=\"column\" data-e-type=\"column\">\n\t\t\t<div class=\"elementor-widget-wrap\">\n\t\t\t\t\t\t\t<\/div>\n\t\t<\/div>\n\t\t\t\t\t<\/div>\n\t\t<\/section>\n\t\t\t\t<section class=\"elementor-section elementor-top-section elementor-element elementor-element-61779a5 elementor-section-boxed elementor-section-height-default elementor-section-height-default\" data-id=\"61779a5\" data-element_type=\"section\" data-e-type=\"section\">\n\t\t\t\t\t\t<div class=\"elementor-container elementor-column-gap-default\">\n\t\t\t\t\t<div class=\"elementor-column elementor-col-33 elementor-top-column elementor-element elementor-element-4a7508b0\" data-id=\"4a7508b0\" data-element_type=\"column\" data-e-type=\"column\">\n\t\t\t<div class=\"elementor-widget-wrap elementor-element-populated\">\n\t\t\t\t\t\t<div class=\"elementor-element elementor-element-dba4c0e elementor-position-top elementor-widget elementor-widget-image-box\" data-id=\"dba4c0e\" data-element_type=\"widget\" data-e-type=\"widget\" data-widget_type=\"image-box.default\">\n\t\t\t\t<div class=\"elementor-widget-container\">\n\t\t\t\t\t<div class=\"elementor-image-box-wrapper\"><figure class=\"elementor-image-box-img\"><img loading=\"lazy\" decoding=\"async\" width=\"600\" height=\"600\" src=\"https:\/\/test.styleside.fi\/wp-content\/uploads\/2024\/02\/cotton_bag2-1.png\" class=\"attachment-full size-full wp-image-6131\" alt=\"\" srcset=\"https:\/\/test.styleside.fi\/wp-content\/uploads\/2024\/02\/cotton_bag2-1.png 600w, https:\/\/test.styleside.fi\/wp-content\/uploads\/2024\/02\/cotton_bag2-1-300x300.png 300w, https:\/\/test.styleside.fi\/wp-content\/uploads\/2024\/02\/cotton_bag2-1-150x150.png 150w, https:\/\/test.styleside.fi\/wp-content\/uploads\/2024\/02\/cotton_bag2-1-100x100.png 100w\" sizes=\"(max-width: 600px) 100vw, 600px\" \/><\/figure><div class=\"elementor-image-box-content\"><h3 class=\"elementor-image-box-title\">Puuvillakott pikad sangad 70 cm<\/h3><\/div><\/div>\t\t\t\t<\/div>\n\t\t\t\t<\/div>\n\t\t\t\t\t<\/div>\n\t\t<\/div>\n\t\t\t\t<div class=\"elementor-column elementor-col-33 elementor-top-column elementor-element elementor-element-5989b2c\" data-id=\"5989b2c\" data-element_type=\"column\" data-e-type=\"column\">\n\t\t\t<div class=\"elementor-widget-wrap elementor-element-populated\">\n\t\t\t\t\t\t<div class=\"elementor-element elementor-element-912afb5 elementor-position-top elementor-widget elementor-widget-image-box\" data-id=\"912afb5\" data-element_type=\"widget\" data-e-type=\"widget\" data-widget_type=\"image-box.default\">\n\t\t\t\t<div class=\"elementor-widget-container\">\n\t\t\t\t\t<div class=\"elementor-image-box-wrapper\"><figure class=\"elementor-image-box-img\"><img loading=\"lazy\" decoding=\"async\" width=\"600\" height=\"600\" src=\"https:\/\/test.styleside.fi\/wp-content\/uploads\/2024\/02\/cotton_bag.png\" class=\"attachment-full size-full wp-image-6129\" alt=\"\" srcset=\"https:\/\/test.styleside.fi\/wp-content\/uploads\/2024\/02\/cotton_bag.png 600w, https:\/\/test.styleside.fi\/wp-content\/uploads\/2024\/02\/cotton_bag-300x300.png 300w, https:\/\/test.styleside.fi\/wp-content\/uploads\/2024\/02\/cotton_bag-150x150.png 150w, https:\/\/test.styleside.fi\/wp-content\/uploads\/2024\/02\/cotton_bag-100x100.png 100w\" sizes=\"(max-width: 600px) 100vw, 600px\" \/><\/figure><div class=\"elementor-image-box-content\"><h3 class=\"elementor-image-box-title\">Puuvillakott l\u00fchikesed sangad 35 cm<\/h3><\/div><\/div>\t\t\t\t<\/div>\n\t\t\t\t<\/div>\n\t\t\t\t\t<\/div>\n\t\t<\/div>\n\t\t\t\t<div class=\"elementor-column elementor-col-33 elementor-top-column elementor-element elementor-element-6ddc1f1\" data-id=\"6ddc1f1\" data-element_type=\"column\" data-e-type=\"column\">\n\t\t\t<div class=\"elementor-widget-wrap\">\n\t\t\t\t\t\t\t<\/div>\n\t\t<\/div>\n\t\t\t\t\t<\/div>\n\t\t<\/section>\n\t\t\t\t<\/div>\n\t\t","protected":false},"excerpt":{"rendered":"<p>Korduvkasutatavad kotid J\u00e4tkusuutlik kott on vastupidav ja kauakestev kott kui ostukott, mis on m\u00f5eldud pikaajaliseks korduvkasutamiseks. Kotte kasutatakse tavaliselt ostude tegemiseks ja kaupade kandmiseks ning neid v\u00f5ib olla mitmesuguse kuju ja suurusega. J\u00e4tkusuutlikud kotid v\u00f5ivad olla ka osa \u00f6koloogilisest eluviisist, mille eesm\u00e4rk on v\u00e4hendada tarbimist ja plastij\u00e4\u00e4tmeid. Korduvkasutatavaid kotte on mugav korduvalt kasutada, ilma et [&hellip;]<\/p>\n","protected":false},"author":1,"featured_media":0,"parent":0,"menu_order":0,"comment_status":"closed","ping_status":"closed","template":"","meta":{"_acf_changed":false,"om_disable_all_campaigns":false,"_monsterinsights_skip_tracking":false,"_monsterinsights_sitenote_active":false,"_monsterinsights_sitenote_note":"","_monsterinsights_sitenote_category":0,"site-sidebar-layout":"no-sidebar","site-content-layout":"page-builder","ast-site-content-layout":"full-width-container","site-content-style":"unboxed","site-sidebar-style":"unboxed","ast-global-header-display":"","ast-banner-title-visibility":"","ast-main-header-display":"","ast-hfb-above-header-display":"","ast-hfb-below-header-display":"","ast-hfb-mobile-header-display":"","site-post-title":"disabled","ast-breadcrumbs-content":"","ast-featured-img":"disabled","footer-sml-layout":"","ast-disable-related-posts":"","theme-transparent-header-meta":"default","adv-header-id-meta":"","stick-header-meta":"","header-above-stick-meta":"","header-main-stick-meta":"","header-below-stick-meta":"","astra-migrate-meta-layouts":"default","ast-page-background-enabled":"default","ast-page-background-meta":{"desktop":{"background-color":"","background-image":"","background-repeat":"repeat","background-position":"center center","background-size":"auto","background-attachment":"scroll","background-type":"","background-media":"","overlay-type":"","overlay-color":"","overlay-opacity":"","overlay-gradient":""},"tablet":{"background-color":"","background-image":"","background-repeat":"repeat","background-position":"center center","background-size":"auto","background-attachment":"scroll","background-type":"","background-media":"","overlay-type":"","overlay-color":"","overlay-opacity":"","overlay-gradient":""},"mobile":{"background-color":"","background-image":"","background-repeat":"repeat","background-position":"center center","background-size":"auto","background-attachment":"scroll","background-type":"","background-media":"","overlay-type":"","overlay-color":"","overlay-opacity":"","overlay-gradient":""}},"ast-content-background-meta":{"desktop":{"background-color":"var(--ast-global-color-5)","background-image":"","background-repeat":"repeat","background-position":"center center","background-size":"auto","background-attachment":"scroll","background-type":"","background-media":"","overlay-type":"","overlay-color":"","overlay-opacity":"","overlay-gradient":""},"tablet":{"background-color":"var(--ast-global-color-5)","background-image":"","background-repeat":"repeat","background-position":"center center","background-size":"auto","background-attachment":"scroll","background-type":"","background-media":"","overlay-type":"","overlay-color":"","overlay-opacity":"","overlay-gradient":""},"mobile":{"background-color":"var(--ast-global-color-5)","background-image":"","background-repeat":"repeat","background-position":"center center","background-size":"auto","background-attachment":"scroll","background-type":"","background-media":"","overlay-type":"","overlay-color":"","overlay-opacity":"","overlay-gradient":""}},"footnotes":""},"class_list":["post-6409","page","type-page","status-publish","hentry"],"acf":[],"yoast_head":"<!-- This site is optimized with the Yoast SEO plugin v27.2 - https:\/\/yoast.com\/product\/yoast-seo-wordpress\/ -->\n<title>vastupidav kott<\/title>\n<meta name=\"description\" content=\"kandekott, non woven kott, puuvillane kott, kangaskott, tr\u00fckitud korduvkasutatav kott, tr\u00fckitud kandekott\" \/>\n<meta name=\"robots\" content=\"noindex, follow, max-snippet:-1, max-image-preview:large, max-video-preview:-1\" \/>\n<meta property=\"og:locale\" content=\"et_EE\" \/>\n<meta property=\"og:type\" content=\"article\" \/>\n<meta property=\"og:title\" content=\"vastupidav kott\" \/>\n<meta property=\"og:description\" content=\"kandekott, non woven kott, puuvillane kott, kangaskott, tr\u00fckitud korduvkasutatav kott, tr\u00fckitud kandekott\" \/>\n<meta property=\"og:url\" content=\"https:\/\/test.styleside.fi\/et\/korduvkasutatavad-kotid\/\" \/>\n<meta property=\"article:modified_time\" content=\"2025-04-30T08:36:56+00:00\" \/>\n<meta property=\"og:image\" content=\"https:\/\/styleside.fi\/wp-content\/uploads\/2024\/02\/kangaskassi2-1.png\" \/>\n<meta name=\"twitter:card\" content=\"summary_large_image\" \/>\n<meta name=\"twitter:label1\" content=\"Est. reading time\" \/>\n\t<meta name=\"twitter:data1\" content=\"1 minute\" \/>\n<script type=\"application\/ld+json\" class=\"yoast-schema-graph\">{\"@context\":\"https:\/\/schema.org\",\"@graph\":[{\"@type\":\"WebPage\",\"@id\":\"https:\/\/test.styleside.fi\/et\/korduvkasutatavad-kotid\/\",\"url\":\"https:\/\/test.styleside.fi\/et\/korduvkasutatavad-kotid\/\",\"name\":\"vastupidav kott\",\"isPartOf\":{\"@id\":\"https:\/\/test.styleside.fi\/et\/#website\"},\"primaryImageOfPage\":{\"@id\":\"https:\/\/test.styleside.fi\/et\/korduvkasutatavad-kotid\/#primaryimage\"},\"image\":{\"@id\":\"https:\/\/test.styleside.fi\/et\/korduvkasutatavad-kotid\/#primaryimage\"},\"thumbnailUrl\":\"https:\/\/styleside.fi\/wp-content\/uploads\/2024\/02\/kangaskassi2-1.png\",\"datePublished\":\"2023-10-05T17:30:51+00:00\",\"dateModified\":\"2025-04-30T08:36:56+00:00\",\"description\":\"kandekott, non woven kott, puuvillane kott, kangaskott, tr\u00fckitud korduvkasutatav kott, tr\u00fckitud kandekott\",\"breadcrumb\":{\"@id\":\"https:\/\/test.styleside.fi\/et\/korduvkasutatavad-kotid\/#breadcrumb\"},\"inLanguage\":\"et\",\"potentialAction\":[{\"@type\":\"ReadAction\",\"target\":[\"https:\/\/test.styleside.fi\/et\/korduvkasutatavad-kotid\/\"]}]},{\"@type\":\"ImageObject\",\"inLanguage\":\"et\",\"@id\":\"https:\/\/test.styleside.fi\/et\/korduvkasutatavad-kotid\/#primaryimage\",\"url\":\"https:\/\/styleside.fi\/wp-content\/uploads\/2024\/02\/kangaskassi2-1.png\",\"contentUrl\":\"https:\/\/styleside.fi\/wp-content\/uploads\/2024\/02\/kangaskassi2-1.png\"},{\"@type\":\"BreadcrumbList\",\"@id\":\"https:\/\/test.styleside.fi\/et\/korduvkasutatavad-kotid\/#breadcrumb\",\"itemListElement\":[{\"@type\":\"ListItem\",\"position\":1,\"name\":\"Etusivu\",\"item\":\"https:\/\/test.styleside.fi\/et\/kodu\/\"},{\"@type\":\"ListItem\",\"position\":2,\"name\":\"Korduvkasutatavad kotid\"}]},{\"@type\":\"WebSite\",\"@id\":\"https:\/\/test.styleside.fi\/et\/#website\",\"url\":\"https:\/\/test.styleside.fi\/et\/\",\"name\":\"\",\"description\":\"\",\"potentialAction\":[{\"@type\":\"SearchAction\",\"target\":{\"@type\":\"EntryPoint\",\"urlTemplate\":\"https:\/\/test.styleside.fi\/et\/?s={search_term_string}\"},\"query-input\":{\"@type\":\"PropertyValueSpecification\",\"valueRequired\":true,\"valueName\":\"search_term_string\"}}],\"inLanguage\":\"et\"}]}<\/script>\n<!-- \/ Yoast SEO plugin. -->","yoast_head_json":{"title":"vastupidav kott","description":"kandekott, non woven kott, puuvillane kott, kangaskott, tr\u00fckitud korduvkasutatav kott, tr\u00fckitud kandekott","robots":{"index":"noindex","follow":"follow","max-snippet":"max-snippet:-1","max-image-preview":"max-image-preview:large","max-video-preview":"max-video-preview:-1"},"og_locale":"et_EE","og_type":"article","og_title":"vastupidav kott","og_description":"kandekott, non woven kott, puuvillane kott, kangaskott, tr\u00fckitud korduvkasutatav kott, tr\u00fckitud kandekott","og_url":"https:\/\/test.styleside.fi\/et\/korduvkasutatavad-kotid\/","article_modified_time":"2025-04-30T08:36:56+00:00","og_image":[{"url":"https:\/\/styleside.fi\/wp-content\/uploads\/2024\/02\/kangaskassi2-1.png","type":"","width":"","height":""}],"twitter_card":"summary_large_image","twitter_misc":{"Est. reading time":"1 minute"},"schema":{"@context":"https:\/\/schema.org","@graph":[{"@type":"WebPage","@id":"https:\/\/test.styleside.fi\/et\/korduvkasutatavad-kotid\/","url":"https:\/\/test.styleside.fi\/et\/korduvkasutatavad-kotid\/","name":"vastupidav kott","isPartOf":{"@id":"https:\/\/test.styleside.fi\/et\/#website"},"primaryImageOfPage":{"@id":"https:\/\/test.styleside.fi\/et\/korduvkasutatavad-kotid\/#primaryimage"},"image":{"@id":"https:\/\/test.styleside.fi\/et\/korduvkasutatavad-kotid\/#primaryimage"},"thumbnailUrl":"https:\/\/styleside.fi\/wp-content\/uploads\/2024\/02\/kangaskassi2-1.png","datePublished":"2023-10-05T17:30:51+00:00","dateModified":"2025-04-30T08:36:56+00:00","description":"kandekott, non woven kott, puuvillane kott, kangaskott, tr\u00fckitud korduvkasutatav kott, tr\u00fckitud kandekott","breadcrumb":{"@id":"https:\/\/test.styleside.fi\/et\/korduvkasutatavad-kotid\/#breadcrumb"},"inLanguage":"et","potentialAction":[{"@type":"ReadAction","target":["https:\/\/test.styleside.fi\/et\/korduvkasutatavad-kotid\/"]}]},{"@type":"ImageObject","inLanguage":"et","@id":"https:\/\/test.styleside.fi\/et\/korduvkasutatavad-kotid\/#primaryimage","url":"https:\/\/styleside.fi\/wp-content\/uploads\/2024\/02\/kangaskassi2-1.png","contentUrl":"https:\/\/styleside.fi\/wp-content\/uploads\/2024\/02\/kangaskassi2-1.png"},{"@type":"BreadcrumbList","@id":"https:\/\/test.styleside.fi\/et\/korduvkasutatavad-kotid\/#breadcrumb","itemListElement":[{"@type":"ListItem","position":1,"name":"Etusivu","item":"https:\/\/test.styleside.fi\/et\/kodu\/"},{"@type":"ListItem","position":2,"name":"Korduvkasutatavad kotid"}]},{"@type":"WebSite","@id":"https:\/\/test.styleside.fi\/et\/#website","url":"https:\/\/test.styleside.fi\/et\/","name":"","description":"","potentialAction":[{"@type":"SearchAction","target":{"@type":"EntryPoint","urlTemplate":"https:\/\/test.styleside.fi\/et\/?s={search_term_string}"},"query-input":{"@type":"PropertyValueSpecification","valueRequired":true,"valueName":"search_term_string"}}],"inLanguage":"et"}]}},"_links":{"self":[{"href":"https:\/\/test.styleside.fi\/et\/wp-json\/wp\/v2\/pages\/6409","targetHints":{"allow":["GET"]}}],"collection":[{"href":"https:\/\/test.styleside.fi\/et\/wp-json\/wp\/v2\/pages"}],"about":[{"href":"https:\/\/test.styleside.fi\/et\/wp-json\/wp\/v2\/types\/page"}],"author":[{"embeddable":true,"href":"https:\/\/test.styleside.fi\/et\/wp-json\/wp\/v2\/users\/1"}],"replies":[{"embeddable":true,"href":"https:\/\/test.styleside.fi\/et\/wp-json\/wp\/v2\/comments?post=6409"}],"version-history":[{"count":8,"href":"https:\/\/test.styleside.fi\/et\/wp-json\/wp\/v2\/pages\/6409\/revisions"}],"predecessor-version":[{"id":7025,"href":"https:\/\/test.styleside.fi\/et\/wp-json\/wp\/v2\/pages\/6409\/revisions\/7025"}],"wp:attachment":[{"href":"https:\/\/test.styleside.fi\/et\/wp-json\/wp\/v2\/media?parent=6409"}],"curies":[{"name":"wp","href":"https:\/\/api.w.org\/{rel}","templated":true}]}}