{"id":6420,"date":"2023-10-05T20:30:51","date_gmt":"2023-10-05T17:30:51","guid":{"rendered":"https:\/\/test.styleside.fi\/tipi-kleebised\/"},"modified":"2025-04-08T10:56:27","modified_gmt":"2025-04-08T07:56:27","slug":"tipi-kleebised","status":"publish","type":"page","link":"https:\/\/test.styleside.fi\/et\/tipi-kleebised\/","title":{"rendered":"Teibid\/ kleebised"},"content":{"rendered":"\t\t<div data-elementor-type=\"wp-page\" data-elementor-id=\"6420\" class=\"elementor elementor-6420 elementor-3438\">\n\t\t\t\t\t\t<section class=\"elementor-section elementor-top-section elementor-element elementor-element-37831156 elementor-section-boxed elementor-section-height-default elementor-section-height-default\" data-id=\"37831156\" data-element_type=\"section\" data-e-type=\"section\">\n\t\t\t\t\t\t<div class=\"elementor-container elementor-column-gap-default\">\n\t\t\t\t\t<div class=\"elementor-column elementor-col-100 elementor-top-column elementor-element elementor-element-21b6457c\" data-id=\"21b6457c\" data-element_type=\"column\" data-e-type=\"column\">\n\t\t\t<div class=\"elementor-widget-wrap elementor-element-populated\">\n\t\t\t\t\t\t<div class=\"elementor-element elementor-element-2c7fed44 elementor-widget elementor-widget-heading\" data-id=\"2c7fed44\" data-element_type=\"widget\" data-e-type=\"widget\" data-widget_type=\"heading.default\">\n\t\t\t\t<div class=\"elementor-widget-container\">\n\t\t\t\t\t<h1 class=\"elementor-heading-title elementor-size-default\">Teibid<\/h1>\t\t\t\t<\/div>\n\t\t\t\t<\/div>\n\t\t\t\t\t<\/div>\n\t\t<\/div>\n\t\t\t\t\t<\/div>\n\t\t<\/section>\n\t\t\t\t<section class=\"elementor-section elementor-top-section elementor-element elementor-element-e17c2a6 elementor-section-boxed elementor-section-height-default elementor-section-height-default\" data-id=\"e17c2a6\" data-element_type=\"section\" data-e-type=\"section\">\n\t\t\t\t\t\t<div class=\"elementor-container elementor-column-gap-default\">\n\t\t\t\t\t<div class=\"elementor-column elementor-col-100 elementor-top-column elementor-element elementor-element-3a8bf375\" data-id=\"3a8bf375\" data-element_type=\"column\" data-e-type=\"column\">\n\t\t\t<div class=\"elementor-widget-wrap elementor-element-populated\">\n\t\t\t\t\t\t<div class=\"elementor-element elementor-element-12e1b782 elementor-widget elementor-widget-text-editor\" data-id=\"12e1b782\" data-element_type=\"widget\" data-e-type=\"widget\" data-widget_type=\"text-editor.default\">\n\t\t\t\t<div class=\"elementor-widget-container\">\n\t\t\t\t\t\t\t\t\t<p>Pakketeibid on erinevat t\u00fc\u00fcpi ja nende omadused v\u00f5ivad s\u00f5ltuvalt kasutusest ja vajadusest erineda. Siin on m\u00f5ned levinud pakkelindi t\u00fc\u00fcbid: <\/p>\n<p><strong>Plastist pakketeip<\/strong>: see on k\u00f5ige levinum pakkelindi t\u00fc\u00fcp ja see on tavaliselt valmistatud pol\u00fcprop\u00fcleenist v\u00f5i PVC-st. Seda on lihtne l\u00f5igata, see kleepub h\u00e4sti erinevatele pindadele ja pakub veekindlat kaitset. <\/p>\n<p><strong>Paberist pakketeip<\/strong>: seda t\u00fc\u00fcpi teip on valmistatud paberist ja seda saab ringlusse v\u00f5tta. See on v\u00e4hem vastupidav kui plastist pakketeip ja sobib paremini kergete pakendite jaoks. <\/p>\n<p>Tugevdatud pakketeip: see teip sisaldab sageli klaas- v\u00f5i pol\u00fcesterkiudu, mis muudab selle v\u00e4ga tugevaks ja vastupidavaks. Seda kasutatakse raskete v\u00f5i mahukate pakendite sulgemiseks. <\/p>\n<p><strong>Kahepoolne pakketeip<\/strong>: seda teipi kasutatakse tavaliselt kahe pinna \u00fchendamiseks. See v\u00f5ib olla kas paber- v\u00f5i plastip\u00f5hine. <\/p>\n<p><strong>L\u00e4bipaistev pakketeip<\/strong>: see teip on l\u00e4bipaistev ja seda kasutatakse sageli kingituste ja pakendite kaunistamiseks v\u00f5i kinnitamiseks ilma pakendi sisu katmata.<\/p>\n<p>pakketeibi valimisel on oluline kaaluda selle kasutusotstarvet ja n\u00f5utavaid omadusi, nagu teibi tugevus, kleepuvus, ilmastikukindlus ja ringlussev\u00f5etavus. Samuti on oluline teada, et m\u00f5ned teibid v\u00f5ivad j\u00e4tta j\u00e4\u00e4ke v\u00f5i kahjustada pakendi pinda, seega tuleb olla ettevaatlik, eriti kui tegemist on v\u00e4\u00e4rtuslike v\u00f5i \u00f5rnade esemete pakendamisega. <\/p>\n<p> <\/p>\t\t\t\t\t\t\t\t<\/div>\n\t\t\t\t<\/div>\n\t\t\t\t\t<\/div>\n\t\t<\/div>\n\t\t\t\t\t<\/div>\n\t\t<\/section>\n\t\t\t\t<section class=\"elementor-section elementor-top-section elementor-element elementor-element-2148a87a elementor-section-boxed elementor-section-height-default elementor-section-height-default\" data-id=\"2148a87a\" data-element_type=\"section\" data-e-type=\"section\">\n\t\t\t\t\t\t<div class=\"elementor-container elementor-column-gap-default\">\n\t\t\t\t\t<div class=\"elementor-column elementor-col-100 elementor-top-column elementor-element elementor-element-7a93fb20\" data-id=\"7a93fb20\" data-element_type=\"column\" data-e-type=\"column\">\n\t\t\t<div class=\"elementor-widget-wrap elementor-element-populated\">\n\t\t\t\t\t\t<div class=\"elementor-element elementor-element-4d3e097a elementor-widget elementor-widget-heading\" data-id=\"4d3e097a\" data-element_type=\"widget\" data-e-type=\"widget\" data-widget_type=\"heading.default\">\n\t\t\t\t<div class=\"elementor-widget-container\">\n\t\t\t\t\t<h2 class=\"elementor-heading-title elementor-size-default\">Kleebised<\/h2>\t\t\t\t<\/div>\n\t\t\t\t<\/div>\n\t\t\t\t\t<\/div>\n\t\t<\/div>\n\t\t\t\t\t<\/div>\n\t\t<\/section>\n\t\t\t\t<section class=\"elementor-section elementor-top-section elementor-element elementor-element-439de63c elementor-section-boxed elementor-section-height-default elementor-section-height-default\" data-id=\"439de63c\" data-element_type=\"section\" data-e-type=\"section\">\n\t\t\t\t\t\t<div class=\"elementor-container elementor-column-gap-default\">\n\t\t\t\t\t<div class=\"elementor-column elementor-col-100 elementor-top-column elementor-element elementor-element-529fc887\" data-id=\"529fc887\" data-element_type=\"column\" data-e-type=\"column\">\n\t\t\t<div class=\"elementor-widget-wrap elementor-element-populated\">\n\t\t\t\t\t\t<div class=\"elementor-element elementor-element-70e34776 elementor-widget elementor-widget-text-editor\" data-id=\"70e34776\" data-element_type=\"widget\" data-e-type=\"widget\" data-widget_type=\"text-editor.default\">\n\t\t\t\t<div class=\"elementor-widget-container\">\n\t\t\t\t\t\t\t\t\t<p>Kleebised on isekleepuvad sildid v\u00f5i m\u00e4rgid, mida saab kanda erinevatele pindadele. Need on mitmek\u00fclgsed ja v\u00f5ivad t\u00e4ita erinevaid eesm\u00e4rke, n\u00e4iteks identifitseerimise, reklaami, hoiatuste v\u00f5i kaunistamise eesm\u00e4rgil. Siin on m\u00f5ned levinud kasutusalad ja siltide t\u00fc\u00fcbid:  <\/p>\n<p><strong>Aadressisildid<\/strong>: neid kasutatakse tavaliselt postisaadetiste ja kirjade adresseerimiseks ja saatmiseks. Neil v\u00f5ib olla tr\u00fckitud aadress v\u00f5i ruumi k\u00e4sitsi kirjutamiseks. <\/p>\n<p><strong>Hinnasildid ja tootesildid<\/strong>: hinnasilte ja tootesilte kasutatakse kauplustes hindade ja toodete kohta k\u00e4iva teabe kuvamiseks. Need v\u00f5ivad sisaldada v\u00f6\u00f6tkoode ja tootekirjeldusi. <\/p>\n<p><strong>Reklaamkleebised<\/strong>: paljud ettev\u00f5tted kasutavad kleebiseid reklaamiks ja kaubam\u00e4rgi n\u00e4htavuse suurendamiseks. Neid v\u00f5ib kleepida autodele, akendele, toodetele ja paljudele muudele kohtadele. <\/p>\n<p><strong>Ohutusm\u00e4rgid ja hoiatussildid<\/strong>: ohutusm\u00e4rgid ja hoiatussildid on olulised ohutuse ja juhiste n\u00e4itamiseks. Neid kasutatakse sageli t\u00f6\u00f6stusettev\u00f5tetes ja ehitusplatsidel. <\/p>\n<p><strong>Dekoratiivsed kleebised<\/strong>: dekoratiivsed kleebised on sisekujunduses populaarsed, eriti lastetoas ja kodu kaunistamisel. Need v\u00f5ivad olla lilled, loomad, tegelased ja muud mustrid. <\/p>\n<p><strong>Kalendrikleebised<\/strong>: kalendrikleebiseid saab kasutada oluliste kuup\u00e4evade ja s\u00fcndmuste m\u00e4rkimiseks kalendris. Neid saab kasutada n\u00e4iteks s\u00fcnnip\u00e4evade meeldetuletamiseks v\u00f5i p\u00fchadega seotud teabe edastamiseks. <\/p>\n<p><strong>Ringlussev\u00f5tu m\u00e4rgised<\/strong>: ringlussev\u00f5tu m\u00e4rgised aitavad identifitseerida ringlussev\u00f5etavaid materjale ja edendavad keskkonnateadlikkust.<\/p>\n<p>Kleebiseid valmistatakse mitmesugustest materjalidest, sealhulgas paberist, plastikust, vin\u00fc\u00fclist ja tekstiilist. Need v\u00f5ivad olla \u00fche- v\u00f5i mitmev\u00e4rvilised ning neile v\u00f5ib tr\u00fckkida erinevaid tekste, pilte ja graafikat. Kleebiste puhul kasutatav liim v\u00f5ib erineda, seega on oluline valida teie vajadustele vastav liim, n\u00e4iteks eemaldatav, p\u00fcsiv v\u00f5i taaspaigaldatav liim.  <\/p>\n<p>Kleebiseid kasutatakse paljudes valdkondades, sealhulgas \u00e4ris, t\u00f6\u00f6stuses, kommunikatsioonis, turunduses ja isiklikuks otstarbeks.<\/p>\n<p> <\/p>\t\t\t\t\t\t\t\t<\/div>\n\t\t\t\t<\/div>\n\t\t\t\t\t<\/div>\n\t\t<\/div>\n\t\t\t\t\t<\/div>\n\t\t<\/section>\n\t\t\t\t<section class=\"elementor-section elementor-top-section elementor-element elementor-element-713bd5c5 elementor-section-boxed elementor-section-height-default elementor-section-height-default\" data-id=\"713bd5c5\" data-element_type=\"section\" data-e-type=\"section\">\n\t\t\t\t\t\t<div class=\"elementor-container elementor-column-gap-default\">\n\t\t\t\t\t<div class=\"elementor-column elementor-col-20 elementor-top-column elementor-element elementor-element-2adfa88a\" data-id=\"2adfa88a\" data-element_type=\"column\" data-e-type=\"column\">\n\t\t\t<div class=\"elementor-widget-wrap elementor-element-populated\">\n\t\t\t\t\t\t<div class=\"elementor-element elementor-element-12e1a0a8 elementor-position-top elementor-widget elementor-widget-image-box\" data-id=\"12e1a0a8\" data-element_type=\"widget\" data-e-type=\"widget\" data-widget_type=\"image-box.default\">\n\t\t\t\t<div class=\"elementor-widget-container\">\n\t\t\t\t\t<div class=\"elementor-image-box-wrapper\"><figure class=\"elementor-image-box-img\"><img fetchpriority=\"high\" decoding=\"async\" width=\"600\" height=\"600\" src=\"https:\/\/test.styleside.fi\/wp-content\/uploads\/2024\/02\/teip.png\" class=\"attachment-full size-full wp-image-6091\" alt=\"\" srcset=\"https:\/\/test.styleside.fi\/wp-content\/uploads\/2024\/02\/teip.png 600w, https:\/\/test.styleside.fi\/wp-content\/uploads\/2024\/02\/teip-300x300.png 300w, https:\/\/test.styleside.fi\/wp-content\/uploads\/2024\/02\/teip-150x150.png 150w, https:\/\/test.styleside.fi\/wp-content\/uploads\/2024\/02\/teip-100x100.png 100w\" sizes=\"(max-width: 600px) 100vw, 600px\" \/><\/figure><div class=\"elementor-image-box-content\"><h3 class=\"elementor-image-box-title\">Pakketeip<\/h3><\/div><\/div>\t\t\t\t<\/div>\n\t\t\t\t<\/div>\n\t\t\t\t\t<\/div>\n\t\t<\/div>\n\t\t\t\t<div class=\"elementor-column elementor-col-20 elementor-top-column elementor-element elementor-element-70ef7563\" data-id=\"70ef7563\" data-element_type=\"column\" data-e-type=\"column\">\n\t\t\t<div class=\"elementor-widget-wrap elementor-element-populated\">\n\t\t\t\t\t\t<div class=\"elementor-element elementor-element-73eae762 elementor-position-top elementor-widget elementor-widget-image-box\" data-id=\"73eae762\" data-element_type=\"widget\" data-e-type=\"widget\" data-widget_type=\"image-box.default\">\n\t\t\t\t<div class=\"elementor-widget-container\">\n\t\t\t\t\t<div class=\"elementor-image-box-wrapper\"><figure class=\"elementor-image-box-img\"><img decoding=\"async\" width=\"600\" height=\"600\" src=\"https:\/\/test.styleside.fi\/wp-content\/uploads\/2024\/04\/musta_teippirulla.png\" class=\"attachment-full size-full wp-image-6359\" alt=\"\" srcset=\"https:\/\/test.styleside.fi\/wp-content\/uploads\/2024\/04\/musta_teippirulla.png 600w, https:\/\/test.styleside.fi\/wp-content\/uploads\/2024\/04\/musta_teippirulla-300x300.png 300w, https:\/\/test.styleside.fi\/wp-content\/uploads\/2024\/04\/musta_teippirulla-150x150.png 150w, https:\/\/test.styleside.fi\/wp-content\/uploads\/2024\/04\/musta_teippirulla-100x100.png 100w\" sizes=\"(max-width: 600px) 100vw, 600px\" \/><\/figure><div class=\"elementor-image-box-content\"><h3 class=\"elementor-image-box-title\">Pakketeip<\/h3><\/div><\/div>\t\t\t\t<\/div>\n\t\t\t\t<\/div>\n\t\t\t\t\t<\/div>\n\t\t<\/div>\n\t\t\t\t<div class=\"elementor-column elementor-col-20 elementor-top-column elementor-element elementor-element-765b89ab\" data-id=\"765b89ab\" data-element_type=\"column\" data-e-type=\"column\">\n\t\t\t<div class=\"elementor-widget-wrap elementor-element-populated\">\n\t\t\t\t\t\t<div class=\"elementor-element elementor-element-61b2c881 elementor-position-top elementor-widget elementor-widget-image-box\" data-id=\"61b2c881\" data-element_type=\"widget\" data-e-type=\"widget\" data-widget_type=\"image-box.default\">\n\t\t\t\t<div class=\"elementor-widget-container\">\n\t\t\t\t\t<div class=\"elementor-image-box-wrapper\"><figure class=\"elementor-image-box-img\"><img decoding=\"async\" width=\"600\" height=\"600\" src=\"https:\/\/test.styleside.fi\/wp-content\/uploads\/2024\/02\/tarra-2.png\" class=\"attachment-full size-full wp-image-6065\" alt=\"\" srcset=\"https:\/\/test.styleside.fi\/wp-content\/uploads\/2024\/02\/tarra-2.png 600w, https:\/\/test.styleside.fi\/wp-content\/uploads\/2024\/02\/tarra-2-300x300.png 300w, https:\/\/test.styleside.fi\/wp-content\/uploads\/2024\/02\/tarra-2-150x150.png 150w, https:\/\/test.styleside.fi\/wp-content\/uploads\/2024\/02\/tarra-2-100x100.png 100w\" sizes=\"(max-width: 600px) 100vw, 600px\" \/><\/figure><div class=\"elementor-image-box-content\"><h3 class=\"elementor-image-box-title\">Kleebised<\/h3><\/div><\/div>\t\t\t\t<\/div>\n\t\t\t\t<\/div>\n\t\t\t\t\t<\/div>\n\t\t<\/div>\n\t\t\t\t<div class=\"elementor-column elementor-col-20 elementor-top-column elementor-element elementor-element-6dc6b4ae\" data-id=\"6dc6b4ae\" data-element_type=\"column\" data-e-type=\"column\">\n\t\t\t<div class=\"elementor-widget-wrap\">\n\t\t\t\t\t\t\t<\/div>\n\t\t<\/div>\n\t\t\t\t<div class=\"elementor-column elementor-col-20 elementor-top-column elementor-element elementor-element-f483b89\" data-id=\"f483b89\" data-element_type=\"column\" data-e-type=\"column\">\n\t\t\t<div class=\"elementor-widget-wrap\">\n\t\t\t\t\t\t\t<\/div>\n\t\t<\/div>\n\t\t\t\t\t<\/div>\n\t\t<\/section>\n\t\t\t\t<\/div>\n\t\t","protected":false},"excerpt":{"rendered":"<p>Teibid Pakketeibid on erinevat t\u00fc\u00fcpi ja nende omadused v\u00f5ivad s\u00f5ltuvalt kasutusest ja vajadusest erineda. Siin on m\u00f5ned levinud pakkelindi t\u00fc\u00fcbid: Plastist pakketeip: see on k\u00f5ige levinum pakkelindi t\u00fc\u00fcp ja see on tavaliselt valmistatud pol\u00fcprop\u00fcleenist v\u00f5i PVC-st. Seda on lihtne l\u00f5igata, see kleepub h\u00e4sti erinevatele pindadele ja pakub veekindlat kaitset. Paberist pakketeip: seda t\u00fc\u00fcpi teip on [&hellip;]<\/p>\n","protected":false},"author":1,"featured_media":0,"parent":0,"menu_order":0,"comment_status":"closed","ping_status":"closed","template":"","meta":{"_acf_changed":false,"om_disable_all_campaigns":false,"_monsterinsights_skip_tracking":false,"_monsterinsights_sitenote_active":false,"_monsterinsights_sitenote_note":"","_monsterinsights_sitenote_category":0,"site-sidebar-layout":"no-sidebar","site-content-layout":"page-builder","ast-site-content-layout":"full-width-container","site-content-style":"unboxed","site-sidebar-style":"unboxed","ast-global-header-display":"","ast-banner-title-visibility":"","ast-main-header-display":"","ast-hfb-above-header-display":"","ast-hfb-below-header-display":"","ast-hfb-mobile-header-display":"","site-post-title":"disabled","ast-breadcrumbs-content":"","ast-featured-img":"disabled","footer-sml-layout":"","ast-disable-related-posts":"","theme-transparent-header-meta":"default","adv-header-id-meta":"","stick-header-meta":"","header-above-stick-meta":"","header-main-stick-meta":"","header-below-stick-meta":"","astra-migrate-meta-layouts":"default","ast-page-background-enabled":"default","ast-page-background-meta":{"desktop":{"background-color":"","background-image":"","background-repeat":"repeat","background-position":"center center","background-size":"auto","background-attachment":"scroll","background-type":"","background-media":"","overlay-type":"","overlay-color":"","overlay-opacity":"","overlay-gradient":""},"tablet":{"background-color":"","background-image":"","background-repeat":"repeat","background-position":"center center","background-size":"auto","background-attachment":"scroll","background-type":"","background-media":"","overlay-type":"","overlay-color":"","overlay-opacity":"","overlay-gradient":""},"mobile":{"background-color":"","background-image":"","background-repeat":"repeat","background-position":"center center","background-size":"auto","background-attachment":"scroll","background-type":"","background-media":"","overlay-type":"","overlay-color":"","overlay-opacity":"","overlay-gradient":""}},"ast-content-background-meta":{"desktop":{"background-color":"var(--ast-global-color-5)","background-image":"","background-repeat":"repeat","background-position":"center center","background-size":"auto","background-attachment":"scroll","background-type":"","background-media":"","overlay-type":"","overlay-color":"","overlay-opacity":"","overlay-gradient":""},"tablet":{"background-color":"var(--ast-global-color-5)","background-image":"","background-repeat":"repeat","background-position":"center center","background-size":"auto","background-attachment":"scroll","background-type":"","background-media":"","overlay-type":"","overlay-color":"","overlay-opacity":"","overlay-gradient":""},"mobile":{"background-color":"var(--ast-global-color-5)","background-image":"","background-repeat":"repeat","background-position":"center center","background-size":"auto","background-attachment":"scroll","background-type":"","background-media":"","overlay-type":"","overlay-color":"","overlay-opacity":"","overlay-gradient":""}},"footnotes":""},"class_list":["post-6420","page","type-page","status-publish","hentry"],"acf":[],"yoast_head":"<!-- This site is optimized with the Yoast SEO plugin v27.2 - https:\/\/yoast.com\/product\/yoast-seo-wordpress\/ -->\n<title>Teibid\/ kleebised -<\/title>\n<meta name=\"description\" content=\"logo, logo kleebis, kleebised on valmistatud erinevatest materjalidest nagu paber, plastik, vin\u00fc\u00fcl ja tekstiil.\" \/>\n<meta name=\"robots\" content=\"noindex, follow, max-snippet:-1, max-image-preview:large, max-video-preview:-1\" \/>\n<meta property=\"og:locale\" content=\"et_EE\" \/>\n<meta property=\"og:type\" content=\"article\" \/>\n<meta property=\"og:title\" content=\"Teibid\/ kleebised -\" \/>\n<meta property=\"og:description\" content=\"logo, logo kleebis, kleebised on valmistatud erinevatest materjalidest nagu paber, plastik, vin\u00fc\u00fcl ja tekstiil.\" \/>\n<meta property=\"og:url\" content=\"https:\/\/test.styleside.fi\/et\/tipi-kleebised\/\" \/>\n<meta property=\"article:modified_time\" content=\"2025-04-08T07:56:27+00:00\" \/>\n<meta property=\"og:image\" content=\"https:\/\/en.styleside.fi\/wp-content\/uploads\/2024\/02\/teip.png\" \/>\n<meta name=\"twitter:card\" content=\"summary_large_image\" \/>\n<meta name=\"twitter:label1\" content=\"Est. reading time\" \/>\n\t<meta name=\"twitter:data1\" content=\"2 minutes\" \/>\n<script type=\"application\/ld+json\" class=\"yoast-schema-graph\">{\"@context\":\"https:\/\/schema.org\",\"@graph\":[{\"@type\":\"WebPage\",\"@id\":\"https:\/\/test.styleside.fi\/et\/tipi-kleebised\/\",\"url\":\"https:\/\/test.styleside.fi\/et\/tipi-kleebised\/\",\"name\":\"Teibid\/ kleebised -\",\"isPartOf\":{\"@id\":\"https:\/\/test.styleside.fi\/et\/#website\"},\"primaryImageOfPage\":{\"@id\":\"https:\/\/test.styleside.fi\/et\/tipi-kleebised\/#primaryimage\"},\"image\":{\"@id\":\"https:\/\/test.styleside.fi\/et\/tipi-kleebised\/#primaryimage\"},\"thumbnailUrl\":\"https:\/\/en.styleside.fi\/wp-content\/uploads\/2024\/02\/teip.png\",\"datePublished\":\"2023-10-05T17:30:51+00:00\",\"dateModified\":\"2025-04-08T07:56:27+00:00\",\"description\":\"logo, logo kleebis, kleebised on valmistatud erinevatest materjalidest nagu paber, plastik, vin\u00fc\u00fcl ja tekstiil.\",\"breadcrumb\":{\"@id\":\"https:\/\/test.styleside.fi\/et\/tipi-kleebised\/#breadcrumb\"},\"inLanguage\":\"et\",\"potentialAction\":[{\"@type\":\"ReadAction\",\"target\":[\"https:\/\/test.styleside.fi\/et\/tipi-kleebised\/\"]}]},{\"@type\":\"ImageObject\",\"inLanguage\":\"et\",\"@id\":\"https:\/\/test.styleside.fi\/et\/tipi-kleebised\/#primaryimage\",\"url\":\"https:\/\/en.styleside.fi\/wp-content\/uploads\/2024\/02\/teip.png\",\"contentUrl\":\"https:\/\/en.styleside.fi\/wp-content\/uploads\/2024\/02\/teip.png\"},{\"@type\":\"BreadcrumbList\",\"@id\":\"https:\/\/test.styleside.fi\/et\/tipi-kleebised\/#breadcrumb\",\"itemListElement\":[{\"@type\":\"ListItem\",\"position\":1,\"name\":\"Etusivu\",\"item\":\"https:\/\/test.styleside.fi\/et\/kodu\/\"},{\"@type\":\"ListItem\",\"position\":2,\"name\":\"Teibid\/ kleebised\"}]},{\"@type\":\"WebSite\",\"@id\":\"https:\/\/test.styleside.fi\/et\/#website\",\"url\":\"https:\/\/test.styleside.fi\/et\/\",\"name\":\"\",\"description\":\"\",\"potentialAction\":[{\"@type\":\"SearchAction\",\"target\":{\"@type\":\"EntryPoint\",\"urlTemplate\":\"https:\/\/test.styleside.fi\/et\/?s={search_term_string}\"},\"query-input\":{\"@type\":\"PropertyValueSpecification\",\"valueRequired\":true,\"valueName\":\"search_term_string\"}}],\"inLanguage\":\"et\"}]}<\/script>\n<!-- \/ Yoast SEO plugin. -->","yoast_head_json":{"title":"Teibid\/ kleebised -","description":"logo, logo kleebis, kleebised on valmistatud erinevatest materjalidest nagu paber, plastik, vin\u00fc\u00fcl ja tekstiil.","robots":{"index":"noindex","follow":"follow","max-snippet":"max-snippet:-1","max-image-preview":"max-image-preview:large","max-video-preview":"max-video-preview:-1"},"og_locale":"et_EE","og_type":"article","og_title":"Teibid\/ kleebised -","og_description":"logo, logo kleebis, kleebised on valmistatud erinevatest materjalidest nagu paber, plastik, vin\u00fc\u00fcl ja tekstiil.","og_url":"https:\/\/test.styleside.fi\/et\/tipi-kleebised\/","article_modified_time":"2025-04-08T07:56:27+00:00","og_image":[{"url":"https:\/\/en.styleside.fi\/wp-content\/uploads\/2024\/02\/teip.png","type":"","width":"","height":""}],"twitter_card":"summary_large_image","twitter_misc":{"Est. reading time":"2 minutes"},"schema":{"@context":"https:\/\/schema.org","@graph":[{"@type":"WebPage","@id":"https:\/\/test.styleside.fi\/et\/tipi-kleebised\/","url":"https:\/\/test.styleside.fi\/et\/tipi-kleebised\/","name":"Teibid\/ kleebised -","isPartOf":{"@id":"https:\/\/test.styleside.fi\/et\/#website"},"primaryImageOfPage":{"@id":"https:\/\/test.styleside.fi\/et\/tipi-kleebised\/#primaryimage"},"image":{"@id":"https:\/\/test.styleside.fi\/et\/tipi-kleebised\/#primaryimage"},"thumbnailUrl":"https:\/\/en.styleside.fi\/wp-content\/uploads\/2024\/02\/teip.png","datePublished":"2023-10-05T17:30:51+00:00","dateModified":"2025-04-08T07:56:27+00:00","description":"logo, logo kleebis, kleebised on valmistatud erinevatest materjalidest nagu paber, plastik, vin\u00fc\u00fcl ja tekstiil.","breadcrumb":{"@id":"https:\/\/test.styleside.fi\/et\/tipi-kleebised\/#breadcrumb"},"inLanguage":"et","potentialAction":[{"@type":"ReadAction","target":["https:\/\/test.styleside.fi\/et\/tipi-kleebised\/"]}]},{"@type":"ImageObject","inLanguage":"et","@id":"https:\/\/test.styleside.fi\/et\/tipi-kleebised\/#primaryimage","url":"https:\/\/en.styleside.fi\/wp-content\/uploads\/2024\/02\/teip.png","contentUrl":"https:\/\/en.styleside.fi\/wp-content\/uploads\/2024\/02\/teip.png"},{"@type":"BreadcrumbList","@id":"https:\/\/test.styleside.fi\/et\/tipi-kleebised\/#breadcrumb","itemListElement":[{"@type":"ListItem","position":1,"name":"Etusivu","item":"https:\/\/test.styleside.fi\/et\/kodu\/"},{"@type":"ListItem","position":2,"name":"Teibid\/ kleebised"}]},{"@type":"WebSite","@id":"https:\/\/test.styleside.fi\/et\/#website","url":"https:\/\/test.styleside.fi\/et\/","name":"","description":"","potentialAction":[{"@type":"SearchAction","target":{"@type":"EntryPoint","urlTemplate":"https:\/\/test.styleside.fi\/et\/?s={search_term_string}"},"query-input":{"@type":"PropertyValueSpecification","valueRequired":true,"valueName":"search_term_string"}}],"inLanguage":"et"}]}},"_links":{"self":[{"href":"https:\/\/test.styleside.fi\/et\/wp-json\/wp\/v2\/pages\/6420","targetHints":{"allow":["GET"]}}],"collection":[{"href":"https:\/\/test.styleside.fi\/et\/wp-json\/wp\/v2\/pages"}],"about":[{"href":"https:\/\/test.styleside.fi\/et\/wp-json\/wp\/v2\/types\/page"}],"author":[{"embeddable":true,"href":"https:\/\/test.styleside.fi\/et\/wp-json\/wp\/v2\/users\/1"}],"replies":[{"embeddable":true,"href":"https:\/\/test.styleside.fi\/et\/wp-json\/wp\/v2\/comments?post=6420"}],"version-history":[{"count":3,"href":"https:\/\/test.styleside.fi\/et\/wp-json\/wp\/v2\/pages\/6420\/revisions"}],"predecessor-version":[{"id":6605,"href":"https:\/\/test.styleside.fi\/et\/wp-json\/wp\/v2\/pages\/6420\/revisions\/6605"}],"wp:attachment":[{"href":"https:\/\/test.styleside.fi\/et\/wp-json\/wp\/v2\/media?parent=6420"}],"curies":[{"name":"wp","href":"https:\/\/api.w.org\/{rel}","templated":true}]}}