{"id":6423,"date":"2024-04-15T11:09:22","date_gmt":"2024-04-15T08:09:22","guid":{"rendered":"https:\/\/test.styleside.fi\/uudised\/"},"modified":"2025-04-08T11:03:30","modified_gmt":"2025-04-08T08:03:30","slug":"uudised","status":"publish","type":"page","link":"https:\/\/test.styleside.fi\/et\/uudised\/","title":{"rendered":"Uudised"},"content":{"rendered":"\t\t<div data-elementor-type=\"wp-page\" data-elementor-id=\"6423\" class=\"elementor elementor-6423 elementor-4480\">\n\t\t\t\t\t\t<section class=\"elementor-section elementor-top-section elementor-element elementor-element-b8ebec5 elementor-section-boxed elementor-section-height-default elementor-section-height-default\" data-id=\"b8ebec5\" data-element_type=\"section\" data-e-type=\"section\">\n\t\t\t\t\t\t<div class=\"elementor-container elementor-column-gap-default\">\n\t\t\t\t\t<div class=\"elementor-column elementor-col-100 elementor-top-column elementor-element elementor-element-c6e3f19\" data-id=\"c6e3f19\" data-element_type=\"column\" data-e-type=\"column\">\n\t\t\t<div class=\"elementor-widget-wrap elementor-element-populated\">\n\t\t\t\t\t\t<div class=\"elementor-element elementor-element-de169c3 elementor-widget elementor-widget-heading\" data-id=\"de169c3\" data-element_type=\"widget\" data-e-type=\"widget\" data-widget_type=\"heading.default\">\n\t\t\t\t<div class=\"elementor-widget-container\">\n\t\t\t\t\t<h1 class=\"elementor-heading-title elementor-size-default\">Uudised<\/h1>\t\t\t\t<\/div>\n\t\t\t\t<\/div>\n\t\t\t\t\t<\/div>\n\t\t<\/div>\n\t\t\t\t\t<\/div>\n\t\t<\/section>\n\t\t\t\t<section class=\"elementor-section elementor-top-section elementor-element elementor-element-52ae0f2 elementor-section-boxed elementor-section-height-default elementor-section-height-default\" data-id=\"52ae0f2\" data-element_type=\"section\" data-e-type=\"section\">\n\t\t\t\t\t\t<div class=\"elementor-container elementor-column-gap-default\">\n\t\t\t\t\t<div class=\"elementor-column elementor-col-33 elementor-top-column elementor-element elementor-element-2051ad9\" data-id=\"2051ad9\" data-element_type=\"column\" data-e-type=\"column\">\n\t\t\t<div class=\"elementor-widget-wrap\">\n\t\t\t\t\t\t\t<\/div>\n\t\t<\/div>\n\t\t\t\t<div class=\"elementor-column elementor-col-33 elementor-top-column elementor-element elementor-element-5d00246\" data-id=\"5d00246\" data-element_type=\"column\" data-e-type=\"column\">\n\t\t\t<div class=\"elementor-widget-wrap\">\n\t\t\t\t\t\t\t<\/div>\n\t\t<\/div>\n\t\t\t\t<div class=\"elementor-column elementor-col-33 elementor-top-column elementor-element elementor-element-7c8be79\" data-id=\"7c8be79\" data-element_type=\"column\" data-e-type=\"column\">\n\t\t\t<div class=\"elementor-widget-wrap\">\n\t\t\t\t\t\t\t<\/div>\n\t\t<\/div>\n\t\t\t\t\t<\/div>\n\t\t<\/section>\n\t\t\t\t<section class=\"elementor-section elementor-top-section elementor-element elementor-element-893758a elementor-section-boxed elementor-section-height-default elementor-section-height-default\" data-id=\"893758a\" data-element_type=\"section\" data-e-type=\"section\">\n\t\t\t\t\t\t<div class=\"elementor-container elementor-column-gap-default\">\n\t\t\t\t\t<div class=\"elementor-column elementor-col-100 elementor-top-column elementor-element elementor-element-98cba04\" data-id=\"98cba04\" data-element_type=\"column\" data-e-type=\"column\">\n\t\t\t<div class=\"elementor-widget-wrap elementor-element-populated\">\n\t\t\t\t\t\t<div class=\"elementor-element elementor-element-f20ffba elementor-grid-eael-col-3 elementor-widget__width-initial elementor-grid-tablet-eael-col-2 elementor-grid-mobile-eael-col-1 elementor-widget elementor-widget-eael-post-grid\" data-id=\"f20ffba\" data-element_type=\"widget\" data-e-type=\"widget\" data-settings=\"{&quot;eael_post_grid_columns&quot;:&quot;eael-col-3&quot;,&quot;eael_post_grid_columns_tablet&quot;:&quot;eael-col-2&quot;,&quot;eael_post_grid_columns_mobile&quot;:&quot;eael-col-1&quot;}\" data-widget_type=\"eael-post-grid.default\">\n\t\t\t\t<div class=\"elementor-widget-container\">\n\t\t\t\t\t<div id=\"eael-post-grid-f20ffba\" class=\"eael-post-grid-container\">\n            <div class=\"eael-post-grid eael-post-appender eael-post-appender-f20ffba eael-post-grid-style-two\" data-layout-mode=\"grid\"><article class=\"eael-grid-post  eael-post-grid-column eael-pg-post-6387 category-uncategorized-et\" data-id=\"6387\">\n    <div class=\"eael-grid-post-holder\">\n        <div class=\"eael-grid-post-holder-inner\"><div class=\"eael-entry-media\"><div class=\"eael-entry-overlay fade-in\"><i class=\"fas fa-long-arrow-alt-right\" aria-hidden=\"true\"><\/i><a href=\"https:\/\/test.styleside.fi\/et\/stiilsed-trukitud-pabertopsid\/\"><\/a><\/div><div class=\"eael-entry-thumbnail \">\n                            <img decoding=\"async\" width=\"150\" height=\"150\" src=\"https:\/\/test.styleside.fi\/wp-content\/uploads\/2024\/04\/kevat-paasiainen-2024-some-1-150x150.jpg\" class=\"attachment-thumbnail size-thumbnail wp-image-6349\" alt=\"\" srcset=\"https:\/\/test.styleside.fi\/wp-content\/uploads\/2024\/04\/kevat-paasiainen-2024-some-1-150x150.jpg 150w, https:\/\/test.styleside.fi\/wp-content\/uploads\/2024\/04\/kevat-paasiainen-2024-some-1-300x300.jpg 300w, https:\/\/test.styleside.fi\/wp-content\/uploads\/2024\/04\/kevat-paasiainen-2024-some-1-1024x1024.jpg 1024w, https:\/\/test.styleside.fi\/wp-content\/uploads\/2024\/04\/kevat-paasiainen-2024-some-1-768x768.jpg 768w, https:\/\/test.styleside.fi\/wp-content\/uploads\/2024\/04\/kevat-paasiainen-2024-some-1-600x600.jpg 600w, https:\/\/test.styleside.fi\/wp-content\/uploads\/2024\/04\/kevat-paasiainen-2024-some-1-100x100.jpg 100w, https:\/\/test.styleside.fi\/wp-content\/uploads\/2024\/04\/kevat-paasiainen-2024-some-1.jpg 1080w\" sizes=\"(max-width: 150px) 100vw, 150px\" \/>\n                            <\/div>\n                    <\/div><div class=\"eael-entry-wrapper\"><header class=\"eael-entry-header\"><h3 class=\"eael-entry-title\"><a class=\"eael-grid-post-link\" href=\"https:\/\/test.styleside.fi\/et\/stiilsed-trukitud-pabertopsid\/\" title=\"Stiilsed tr\u00fckitud pabertopsid!\">Stiilsed tr\u00fckitud pabertopsid!<\/a><\/h3><\/header><div class=\"eael-entry-content\">\n                                <div class=\"eael-grid-post-excerpt\"><p>Kevad on l\u00f5puks ometi k\u00e4es ja koos sellega tuleb v\u00e4rske...<\/p><a href=\"https:\/\/test.styleside.fi\/et\/stiilsed-trukitud-pabertopsid\/\" class=\"eael-post-elements-readmore-btn\">Loe edasi<\/a><\/div>\n                            <\/div><div class=\"eael-entry-header-after style-two\"><div class=\"eael-entry-meta\"><span class=\"eael-meta-posted-on\"><i class=\"far fa-clock\"><\/i><time datetime=\"6. Mar 2024\">6. Mar 2024<\/time><\/span><\/div><\/div><\/div><\/div>\n    <\/div>\n<\/article><article class=\"eael-grid-post  eael-post-grid-column eael-pg-post-6391 category-uncategorized-et\" data-id=\"6391\">\n    <div class=\"eael-grid-post-holder\">\n        <div class=\"eael-grid-post-holder-inner\"><div class=\"eael-entry-media\"><div class=\"eael-entry-overlay fade-in\"><i class=\"fas fa-long-arrow-alt-right\" aria-hidden=\"true\"><\/i><a href=\"https:\/\/test.styleside.fi\/et\/mitmesugused-take-away-tooted\/\"><\/a><\/div><div class=\"eael-entry-thumbnail \">\n                            <img decoding=\"async\" width=\"150\" height=\"150\" src=\"https:\/\/test.styleside.fi\/wp-content\/uploads\/2024\/04\/uutiskirje_kuva_6_2_24-150x150.jpg\" class=\"attachment-thumbnail size-thumbnail wp-image-6351\" alt=\"\" srcset=\"https:\/\/test.styleside.fi\/wp-content\/uploads\/2024\/04\/uutiskirje_kuva_6_2_24-150x150.jpg 150w, https:\/\/test.styleside.fi\/wp-content\/uploads\/2024\/04\/uutiskirje_kuva_6_2_24-300x300.jpg 300w, https:\/\/test.styleside.fi\/wp-content\/uploads\/2024\/04\/uutiskirje_kuva_6_2_24-1024x1024.jpg 1024w, https:\/\/test.styleside.fi\/wp-content\/uploads\/2024\/04\/uutiskirje_kuva_6_2_24-768x768.jpg 768w, https:\/\/test.styleside.fi\/wp-content\/uploads\/2024\/04\/uutiskirje_kuva_6_2_24-600x600.jpg 600w, https:\/\/test.styleside.fi\/wp-content\/uploads\/2024\/04\/uutiskirje_kuva_6_2_24-100x100.jpg 100w, https:\/\/test.styleside.fi\/wp-content\/uploads\/2024\/04\/uutiskirje_kuva_6_2_24.jpg 1080w\" sizes=\"(max-width: 150px) 100vw, 150px\" \/>\n                            <\/div>\n                    <\/div><div class=\"eael-entry-wrapper\"><header class=\"eael-entry-header\"><h3 class=\"eael-entry-title\"><a class=\"eael-grid-post-link\" href=\"https:\/\/test.styleside.fi\/et\/mitmesugused-take-away-tooted\/\" title=\"Mitmesugused take-away tooted\">Mitmesugused take-away tooted<\/a><\/h3><\/header><div class=\"eael-entry-content\">\n                                <div class=\"eael-grid-post-excerpt\"><p>Kas olete valmis astuma j\u00e4rgmise sammu oma br\u00e4ndi n\u00e4htavuse parandamiseks?...<\/p><a href=\"https:\/\/test.styleside.fi\/et\/mitmesugused-take-away-tooted\/\" class=\"eael-post-elements-readmore-btn\">Loe edasi<\/a><\/div>\n                            <\/div><div class=\"eael-entry-header-after style-two\"><div class=\"eael-entry-meta\"><span class=\"eael-meta-posted-on\"><i class=\"far fa-clock\"><\/i><time datetime=\"20. Mar 2024\">20. Mar 2024<\/time><\/span><\/div><\/div><\/div><\/div>\n    <\/div>\n<\/article><article class=\"eael-grid-post  eael-post-grid-column eael-pg-post-6388 category-uncategorized-et\" data-id=\"6388\">\n    <div class=\"eael-grid-post-holder\">\n        <div class=\"eael-grid-post-holder-inner\"><div class=\"eael-entry-media\"><div class=\"eael-entry-overlay fade-in\"><i class=\"fas fa-long-arrow-alt-right\" aria-hidden=\"true\"><\/i><a href=\"https:\/\/test.styleside.fi\/et\/valige-oige-paberkott\/\"><\/a><\/div><div class=\"eael-entry-thumbnail \">\n                            <img decoding=\"async\" width=\"150\" height=\"150\" src=\"https:\/\/test.styleside.fi\/wp-content\/uploads\/2023\/10\/cropped-arrangement-paper-bags-letters-scaled-1-150x150.jpg\" class=\"attachment-thumbnail size-thumbnail wp-image-5831\" alt=\"\" srcset=\"https:\/\/test.styleside.fi\/wp-content\/uploads\/2023\/10\/cropped-arrangement-paper-bags-letters-scaled-1-150x150.jpg 150w, https:\/\/test.styleside.fi\/wp-content\/uploads\/2023\/10\/cropped-arrangement-paper-bags-letters-scaled-1-600x600.jpg 600w, https:\/\/test.styleside.fi\/wp-content\/uploads\/2023\/10\/cropped-arrangement-paper-bags-letters-scaled-1-300x300.jpg 300w, https:\/\/test.styleside.fi\/wp-content\/uploads\/2023\/10\/cropped-arrangement-paper-bags-letters-scaled-1-75x75.jpg 75w, https:\/\/test.styleside.fi\/wp-content\/uploads\/2023\/10\/cropped-arrangement-paper-bags-letters-scaled-1-100x100.jpg 100w\" sizes=\"(max-width: 150px) 100vw, 150px\" \/>\n                            <\/div>\n                    <\/div><div class=\"eael-entry-wrapper\"><header class=\"eael-entry-header\"><h3 class=\"eael-entry-title\"><a class=\"eael-grid-post-link\" href=\"https:\/\/test.styleside.fi\/et\/valige-oige-paberkott\/\" title=\"Valige \u00f5ige paberkott\">Valige \u00f5ige paberkott<\/a><\/h3><\/header><div class=\"eael-entry-content\">\n                                <div class=\"eael-grid-post-excerpt\"><p>Paberikott v\u00f5ib olla suurep\u00e4rane valik keskkonnateadlikele klientidele, kes vajavad kilekotte....<\/p><a href=\"https:\/\/test.styleside.fi\/et\/valige-oige-paberkott\/\" class=\"eael-post-elements-readmore-btn\">Loe edasi<\/a><\/div>\n                            <\/div><div class=\"eael-entry-header-after style-two\"><div class=\"eael-entry-meta\"><span class=\"eael-meta-posted-on\"><i class=\"far fa-clock\"><\/i><time datetime=\"15. Apr 2024\">15. Apr 2024<\/time><\/span><\/div><\/div><\/div><\/div>\n    <\/div>\n<\/article><\/div>\n            <div class=\"clearfix\"><\/div>\n        <\/div>\t\t\t\t<\/div>\n\t\t\t\t<\/div>\n\t\t\t\t\t<\/div>\n\t\t<\/div>\n\t\t\t\t\t<\/div>\n\t\t<\/section>\n\t\t\t\t<\/div>\n\t\t","protected":false},"excerpt":{"rendered":"<p>Uudised Stylish printed paper cups! Spring is finally here, and with it comes a breath&#8230; Loe edasi 6. Mar 2024 Various take-away products Are you ready to take the next step to improve&#8230; Loe edasi 20. Mar 2024 Choose the right paper bag ss A paper bag can be an excellent option for&#8230; Loe edasi [&hellip;]<\/p>\n","protected":false},"author":1,"featured_media":0,"parent":0,"menu_order":0,"comment_status":"closed","ping_status":"closed","template":"","meta":{"_acf_changed":false,"om_disable_all_campaigns":false,"_monsterinsights_skip_tracking":false,"_monsterinsights_sitenote_active":false,"_monsterinsights_sitenote_note":"","_monsterinsights_sitenote_category":0,"site-sidebar-layout":"no-sidebar","site-content-layout":"page-builder","ast-site-content-layout":"full-width-container","site-content-style":"unboxed","site-sidebar-style":"unboxed","ast-global-header-display":"","ast-banner-title-visibility":"","ast-main-header-display":"","ast-hfb-above-header-display":"","ast-hfb-below-header-display":"","ast-hfb-mobile-header-display":"","site-post-title":"disabled","ast-breadcrumbs-content":"","ast-featured-img":"disabled","footer-sml-layout":"","ast-disable-related-posts":"","theme-transparent-header-meta":"enabled","adv-header-id-meta":"","stick-header-meta":"","header-above-stick-meta":"","header-main-stick-meta":"","header-below-stick-meta":"","astra-migrate-meta-layouts":"default","ast-page-background-enabled":"default","ast-page-background-meta":{"desktop":{"background-color":"","background-image":"","background-repeat":"repeat","background-position":"center center","background-size":"auto","background-attachment":"scroll","background-type":"","background-media":"","overlay-type":"","overlay-color":"","overlay-opacity":"","overlay-gradient":""},"tablet":{"background-color":"","background-image":"","background-repeat":"repeat","background-position":"center center","background-size":"auto","background-attachment":"scroll","background-type":"","background-media":"","overlay-type":"","overlay-color":"","overlay-opacity":"","overlay-gradient":""},"mobile":{"background-color":"","background-image":"","background-repeat":"repeat","background-position":"center center","background-size":"auto","background-attachment":"scroll","background-type":"","background-media":"","overlay-type":"","overlay-color":"","overlay-opacity":"","overlay-gradient":""}},"ast-content-background-meta":{"desktop":{"background-color":"var(--ast-global-color-5)","background-image":"","background-repeat":"repeat","background-position":"center center","background-size":"auto","background-attachment":"scroll","background-type":"","background-media":"","overlay-type":"","overlay-color":"","overlay-opacity":"","overlay-gradient":""},"tablet":{"background-color":"var(--ast-global-color-5)","background-image":"","background-repeat":"repeat","background-position":"center center","background-size":"auto","background-attachment":"scroll","background-type":"","background-media":"","overlay-type":"","overlay-color":"","overlay-opacity":"","overlay-gradient":""},"mobile":{"background-color":"var(--ast-global-color-5)","background-image":"","background-repeat":"repeat","background-position":"center center","background-size":"auto","background-attachment":"scroll","background-type":"","background-media":"","overlay-type":"","overlay-color":"","overlay-opacity":"","overlay-gradient":""}},"footnotes":""},"class_list":["post-6423","page","type-page","status-publish","hentry"],"acf":[],"yoast_head":"<!-- This site is optimized with the Yoast SEO plugin v27.2 - https:\/\/yoast.com\/product\/yoast-seo-wordpress\/ -->\n<title>Uudised -<\/title>\n<meta name=\"description\" content=\"styleside uutised, valige \u00f5ige paberkott, erinevad take away tooted, stiilsed tr\u00fckitud paberkotid\" \/>\n<meta name=\"robots\" content=\"noindex, follow, max-snippet:-1, max-image-preview:large, max-video-preview:-1\" \/>\n<meta property=\"og:locale\" content=\"et_EE\" \/>\n<meta property=\"og:type\" content=\"article\" \/>\n<meta property=\"og:title\" content=\"Uudised -\" \/>\n<meta property=\"og:description\" content=\"styleside uutised, valige \u00f5ige paberkott, erinevad take away tooted, stiilsed tr\u00fckitud paberkotid\" \/>\n<meta property=\"og:url\" content=\"https:\/\/test.styleside.fi\/et\/uudised\/\" \/>\n<meta property=\"article:modified_time\" content=\"2025-04-08T08:03:30+00:00\" \/>\n<meta property=\"og:image\" content=\"https:\/\/en.styleside.fi\/wp-content\/uploads\/2024\/04\/kevat-paasiainen-2024-some-1-150x150.jpg\" \/>\n<meta name=\"twitter:card\" content=\"summary_large_image\" \/>\n<script type=\"application\/ld+json\" class=\"yoast-schema-graph\">{\"@context\":\"https:\/\/schema.org\",\"@graph\":[{\"@type\":\"WebPage\",\"@id\":\"https:\/\/test.styleside.fi\/et\/uudised\/\",\"url\":\"https:\/\/test.styleside.fi\/et\/uudised\/\",\"name\":\"Uudised -\",\"isPartOf\":{\"@id\":\"https:\/\/test.styleside.fi\/et\/#website\"},\"primaryImageOfPage\":{\"@id\":\"https:\/\/test.styleside.fi\/et\/uudised\/#primaryimage\"},\"image\":{\"@id\":\"https:\/\/test.styleside.fi\/et\/uudised\/#primaryimage\"},\"thumbnailUrl\":\"https:\/\/en.styleside.fi\/wp-content\/uploads\/2024\/04\/kevat-paasiainen-2024-some-1-150x150.jpg\",\"datePublished\":\"2024-04-15T08:09:22+00:00\",\"dateModified\":\"2025-04-08T08:03:30+00:00\",\"description\":\"styleside uutised, valige \u00f5ige paberkott, erinevad take away tooted, stiilsed tr\u00fckitud paberkotid\",\"breadcrumb\":{\"@id\":\"https:\/\/test.styleside.fi\/et\/uudised\/#breadcrumb\"},\"inLanguage\":\"et\",\"potentialAction\":[{\"@type\":\"ReadAction\",\"target\":[\"https:\/\/test.styleside.fi\/et\/uudised\/\"]}]},{\"@type\":\"ImageObject\",\"inLanguage\":\"et\",\"@id\":\"https:\/\/test.styleside.fi\/et\/uudised\/#primaryimage\",\"url\":\"https:\/\/en.styleside.fi\/wp-content\/uploads\/2024\/04\/kevat-paasiainen-2024-some-1-150x150.jpg\",\"contentUrl\":\"https:\/\/en.styleside.fi\/wp-content\/uploads\/2024\/04\/kevat-paasiainen-2024-some-1-150x150.jpg\"},{\"@type\":\"BreadcrumbList\",\"@id\":\"https:\/\/test.styleside.fi\/et\/uudised\/#breadcrumb\",\"itemListElement\":[{\"@type\":\"ListItem\",\"position\":1,\"name\":\"Etusivu\",\"item\":\"https:\/\/test.styleside.fi\/et\/kodu\/\"},{\"@type\":\"ListItem\",\"position\":2,\"name\":\"Uudised\"}]},{\"@type\":\"WebSite\",\"@id\":\"https:\/\/test.styleside.fi\/et\/#website\",\"url\":\"https:\/\/test.styleside.fi\/et\/\",\"name\":\"\",\"description\":\"\",\"potentialAction\":[{\"@type\":\"SearchAction\",\"target\":{\"@type\":\"EntryPoint\",\"urlTemplate\":\"https:\/\/test.styleside.fi\/et\/?s={search_term_string}\"},\"query-input\":{\"@type\":\"PropertyValueSpecification\",\"valueRequired\":true,\"valueName\":\"search_term_string\"}}],\"inLanguage\":\"et\"}]}<\/script>\n<!-- \/ Yoast SEO plugin. -->","yoast_head_json":{"title":"Uudised -","description":"styleside uutised, valige \u00f5ige paberkott, erinevad take away tooted, stiilsed tr\u00fckitud paberkotid","robots":{"index":"noindex","follow":"follow","max-snippet":"max-snippet:-1","max-image-preview":"max-image-preview:large","max-video-preview":"max-video-preview:-1"},"og_locale":"et_EE","og_type":"article","og_title":"Uudised -","og_description":"styleside uutised, valige \u00f5ige paberkott, erinevad take away tooted, stiilsed tr\u00fckitud paberkotid","og_url":"https:\/\/test.styleside.fi\/et\/uudised\/","article_modified_time":"2025-04-08T08:03:30+00:00","og_image":[{"url":"https:\/\/en.styleside.fi\/wp-content\/uploads\/2024\/04\/kevat-paasiainen-2024-some-1-150x150.jpg","type":"","width":"","height":""}],"twitter_card":"summary_large_image","schema":{"@context":"https:\/\/schema.org","@graph":[{"@type":"WebPage","@id":"https:\/\/test.styleside.fi\/et\/uudised\/","url":"https:\/\/test.styleside.fi\/et\/uudised\/","name":"Uudised -","isPartOf":{"@id":"https:\/\/test.styleside.fi\/et\/#website"},"primaryImageOfPage":{"@id":"https:\/\/test.styleside.fi\/et\/uudised\/#primaryimage"},"image":{"@id":"https:\/\/test.styleside.fi\/et\/uudised\/#primaryimage"},"thumbnailUrl":"https:\/\/en.styleside.fi\/wp-content\/uploads\/2024\/04\/kevat-paasiainen-2024-some-1-150x150.jpg","datePublished":"2024-04-15T08:09:22+00:00","dateModified":"2025-04-08T08:03:30+00:00","description":"styleside uutised, valige \u00f5ige paberkott, erinevad take away tooted, stiilsed tr\u00fckitud paberkotid","breadcrumb":{"@id":"https:\/\/test.styleside.fi\/et\/uudised\/#breadcrumb"},"inLanguage":"et","potentialAction":[{"@type":"ReadAction","target":["https:\/\/test.styleside.fi\/et\/uudised\/"]}]},{"@type":"ImageObject","inLanguage":"et","@id":"https:\/\/test.styleside.fi\/et\/uudised\/#primaryimage","url":"https:\/\/en.styleside.fi\/wp-content\/uploads\/2024\/04\/kevat-paasiainen-2024-some-1-150x150.jpg","contentUrl":"https:\/\/en.styleside.fi\/wp-content\/uploads\/2024\/04\/kevat-paasiainen-2024-some-1-150x150.jpg"},{"@type":"BreadcrumbList","@id":"https:\/\/test.styleside.fi\/et\/uudised\/#breadcrumb","itemListElement":[{"@type":"ListItem","position":1,"name":"Etusivu","item":"https:\/\/test.styleside.fi\/et\/kodu\/"},{"@type":"ListItem","position":2,"name":"Uudised"}]},{"@type":"WebSite","@id":"https:\/\/test.styleside.fi\/et\/#website","url":"https:\/\/test.styleside.fi\/et\/","name":"","description":"","potentialAction":[{"@type":"SearchAction","target":{"@type":"EntryPoint","urlTemplate":"https:\/\/test.styleside.fi\/et\/?s={search_term_string}"},"query-input":{"@type":"PropertyValueSpecification","valueRequired":true,"valueName":"search_term_string"}}],"inLanguage":"et"}]}},"_links":{"self":[{"href":"https:\/\/test.styleside.fi\/et\/wp-json\/wp\/v2\/pages\/6423","targetHints":{"allow":["GET"]}}],"collection":[{"href":"https:\/\/test.styleside.fi\/et\/wp-json\/wp\/v2\/pages"}],"about":[{"href":"https:\/\/test.styleside.fi\/et\/wp-json\/wp\/v2\/types\/page"}],"author":[{"embeddable":true,"href":"https:\/\/test.styleside.fi\/et\/wp-json\/wp\/v2\/users\/1"}],"replies":[{"embeddable":true,"href":"https:\/\/test.styleside.fi\/et\/wp-json\/wp\/v2\/comments?post=6423"}],"version-history":[{"count":3,"href":"https:\/\/test.styleside.fi\/et\/wp-json\/wp\/v2\/pages\/6423\/revisions"}],"predecessor-version":[{"id":6609,"href":"https:\/\/test.styleside.fi\/et\/wp-json\/wp\/v2\/pages\/6423\/revisions\/6609"}],"wp:attachment":[{"href":"https:\/\/test.styleside.fi\/et\/wp-json\/wp\/v2\/media?parent=6423"}],"curies":[{"name":"wp","href":"https:\/\/api.w.org\/{rel}","templated":true}]}}