{"id":8262,"date":"2026-02-06T18:09:16","date_gmt":"2026-02-06T16:09:16","guid":{"rendered":"https:\/\/test.styleside.fi\/?post_type=product&#038;p=8262"},"modified":"2026-02-06T18:15:17","modified_gmt":"2026-02-06T16:15:17","slug":"keerdsangaga-paberkott-copy","status":"publish","type":"product","link":"https:\/\/test.styleside.fi\/et\/toode\/keerdsangaga-paberkott-copy\/","title":{"rendered":"Keeratud sangaga paberikott (koopia)"},"content":{"rendered":"<p>Twisted handle paberkotid on keeratud k\u00e4epidemega paberkotid. Neid kotte kasutatakse tavaliselt paljudes jaekauplustes ja kauplustes. Nende keeratud k\u00e4epidemed pakuvad kasutajale ostude kandmisel t\u00e4iendavat tuge ja mugavust.  <\/p>\n<p>Need kotid on tavaliselt valmistatud paberist, mis muudab need keskkonnas\u00f5bralikuks valikuks, kuna paber on biolagunev materjal. Need v\u00f5ivad olla eri suuruses ja kujuga, s\u00f5ltuvalt poe eesm\u00e4rgist ja vajadustest. <\/p>\n<p>Twisted handle paberkotid on paljudes riikides populaarsed ja neid kasutatakse sageli br\u00e4ndingu- ja turundusvahendina, sest neile saab h\u00f5lpsasti ettev\u00f5tte logo, reklaami v\u00f5i muu graafilise sisu peale tr\u00fckkida. See aitab suurendada br\u00e4ndi n\u00e4htavust ja teadlikkust, pakkudes klientidele samal ajal mugavat v\u00f5imalust oma ostude kandmiseks. <\/p>\n","protected":false},"excerpt":{"rendered":"<p>Twisted handle paberkotid on keeratud k\u00e4epidemega paberkotid. Neid kotte kasutatakse tavaliselt paljudes jaekauplustes ja kauplustes. Nende keeratud k\u00e4epidemed pakuvad kasutajale ostude kandmisel t\u00e4iendavat tuge ja mugavust.  <\/p>\n","protected":false},"featured_media":8167,"comment_status":"open","ping_status":"closed","template":"","meta":{"_acf_changed":false,"om_disable_all_campaigns":false,"_monsterinsights_skip_tracking":false,"_monsterinsights_sitenote_active":false,"_monsterinsights_sitenote_note":"","_monsterinsights_sitenote_category":0,"site-sidebar-layout":"default","site-content-layout":"","ast-site-content-layout":"default","site-content-style":"default","site-sidebar-style":"default","ast-global-header-display":"","ast-banner-title-visibility":"","ast-main-header-display":"","ast-hfb-above-header-display":"","ast-hfb-below-header-display":"","ast-hfb-mobile-header-display":"","site-post-title":"","ast-breadcrumbs-content":"","ast-featured-img":"","footer-sml-layout":"","ast-disable-related-posts":"","theme-transparent-header-meta":"default","adv-header-id-meta":"","stick-header-meta":"","header-above-stick-meta":"","header-main-stick-meta":"","header-below-stick-meta":"","astra-migrate-meta-layouts":"set","ast-page-background-enabled":"default","ast-page-background-meta":{"desktop":{"background-color":"","background-image":"","background-repeat":"repeat","background-position":"center center","background-size":"auto","background-attachment":"scroll","background-type":"","background-media":"","overlay-type":"","overlay-color":"","overlay-opacity":"","overlay-gradient":""},"tablet":{"background-color":"","background-image":"","background-repeat":"repeat","background-position":"center center","background-size":"auto","background-attachment":"scroll","background-type":"","background-media":"","overlay-type":"","overlay-color":"","overlay-opacity":"","overlay-gradient":""},"mobile":{"background-color":"","background-image":"","background-repeat":"repeat","background-position":"center center","background-size":"auto","background-attachment":"scroll","background-type":"","background-media":"","overlay-type":"","overlay-color":"","overlay-opacity":"","overlay-gradient":""}},"ast-content-background-meta":{"desktop":{"background-color":"var(--ast-global-color-5)","background-image":"","background-repeat":"repeat","background-position":"center center","background-size":"auto","background-attachment":"scroll","background-type":"","background-media":"","overlay-type":"","overlay-color":"","overlay-opacity":"","overlay-gradient":""},"tablet":{"background-color":"var(--ast-global-color-5)","background-image":"","background-repeat":"repeat","background-position":"center center","background-size":"auto","background-attachment":"scroll","background-type":"","background-media":"","overlay-type":"","overlay-color":"","overlay-opacity":"","overlay-gradient":""},"mobile":{"background-color":"var(--ast-global-color-5)","background-image":"","background-repeat":"repeat","background-position":"center center","background-size":"auto","background-attachment":"scroll","background-type":"","background-media":"","overlay-type":"","overlay-color":"","overlay-opacity":"","overlay-gradient":""}}},"product_brand":[],"product_cat":[272],"product_tag":[],"class_list":{"0":"post-8262","1":"product","2":"type-product","3":"status-publish","4":"has-post-thumbnail","6":"product_cat-kotid","7":"desktop-align-center","8":"tablet-align-left","9":"mobile-align-left","10":"tm-has-styled-variations","11":"tm-has-options","13":"first","14":"instock","15":"shipping-taxable","16":"purchasable","17":"product-type-variable","18":"has-default-attributes"},"acf":[],"yoast_head":"<!-- This site is optimized with the Yoast SEO plugin v27.2 - https:\/\/yoast.com\/product\/yoast-seo-wordpress\/ -->\n<title>Keeratud sangaga paberikott (koopia) -<\/title>\n<meta name=\"robots\" content=\"noindex, follow, max-snippet:-1, max-image-preview:large, max-video-preview:-1\" \/>\n<meta property=\"og:locale\" content=\"et_EE\" \/>\n<meta property=\"og:type\" content=\"article\" \/>\n<meta property=\"og:title\" content=\"Keeratud sangaga paberikott (koopia) -\" \/>\n<meta property=\"og:description\" content=\"Twisted handle paberkotid on keeratud k\u00e4epidemega paberkotid. Neid kotte kasutatakse tavaliselt paljudes jaekauplustes ja kauplustes. Nende keeratud k\u00e4epidemed pakuvad kasutajale ostude kandmisel t\u00e4iendavat tuge ja mugavust.\" \/>\n<meta property=\"og:url\" content=\"https:\/\/test.styleside.fi\/et\/toode\/keerdsangaga-paberkott-copy\/\" \/>\n<meta property=\"article:modified_time\" content=\"2026-02-06T16:15:17+00:00\" \/>\n<meta property=\"og:image\" content=\"https:\/\/test.styleside.fi\/wp-content\/uploads\/2026\/02\/twisted_1.png\" \/>\n\t<meta property=\"og:image:width\" content=\"600\" \/>\n\t<meta property=\"og:image:height\" content=\"600\" \/>\n\t<meta property=\"og:image:type\" content=\"image\/png\" \/>\n<meta name=\"twitter:card\" content=\"summary_large_image\" \/>\n<meta name=\"twitter:label1\" content=\"Est. reading time\" \/>\n\t<meta name=\"twitter:data1\" content=\"1 minute\" \/>\n<script type=\"application\/ld+json\" class=\"yoast-schema-graph\">{\"@context\":\"https:\/\/schema.org\",\"@graph\":[{\"@type\":\"WebPage\",\"@id\":\"https:\/\/test.styleside.fi\/et\/toode\/keerdsangaga-paberkott-copy\/\",\"url\":\"https:\/\/test.styleside.fi\/et\/toode\/keerdsangaga-paberkott-copy\/\",\"name\":\"Keeratud sangaga paberikott (koopia) -\",\"isPartOf\":{\"@id\":\"https:\/\/test.styleside.fi\/et\/#website\"},\"primaryImageOfPage\":{\"@id\":\"https:\/\/test.styleside.fi\/et\/toode\/keerdsangaga-paberkott-copy\/#primaryimage\"},\"image\":{\"@id\":\"https:\/\/test.styleside.fi\/et\/toode\/keerdsangaga-paberkott-copy\/#primaryimage\"},\"thumbnailUrl\":\"https:\/\/test.styleside.fi\/wp-content\/uploads\/2026\/02\/twisted_1.png\",\"datePublished\":\"2026-02-06T16:09:16+00:00\",\"dateModified\":\"2026-02-06T16:15:17+00:00\",\"breadcrumb\":{\"@id\":\"https:\/\/test.styleside.fi\/et\/toode\/keerdsangaga-paberkott-copy\/#breadcrumb\"},\"inLanguage\":\"et\",\"potentialAction\":[{\"@type\":\"ReadAction\",\"target\":[\"https:\/\/test.styleside.fi\/et\/toode\/keerdsangaga-paberkott-copy\/\"]}]},{\"@type\":\"ImageObject\",\"inLanguage\":\"et\",\"@id\":\"https:\/\/test.styleside.fi\/et\/toode\/keerdsangaga-paberkott-copy\/#primaryimage\",\"url\":\"https:\/\/test.styleside.fi\/wp-content\/uploads\/2026\/02\/twisted_1.png\",\"contentUrl\":\"https:\/\/test.styleside.fi\/wp-content\/uploads\/2026\/02\/twisted_1.png\",\"width\":600,\"height\":600},{\"@type\":\"BreadcrumbList\",\"@id\":\"https:\/\/test.styleside.fi\/et\/toode\/keerdsangaga-paberkott-copy\/#breadcrumb\",\"itemListElement\":[{\"@type\":\"ListItem\",\"position\":1,\"name\":\"Etusivu\",\"item\":\"https:\/\/test.styleside.fi\/et\/kodu\/\"},{\"@type\":\"ListItem\",\"position\":2,\"name\":\"Pood\",\"item\":\"https:\/\/test.styleside.fi\/shop\/\"},{\"@type\":\"ListItem\",\"position\":3,\"name\":\"Keeratud sangaga paberikott (koopia)\"}]},{\"@type\":\"WebSite\",\"@id\":\"https:\/\/test.styleside.fi\/et\/#website\",\"url\":\"https:\/\/test.styleside.fi\/et\/\",\"name\":\"\",\"description\":\"\",\"potentialAction\":[{\"@type\":\"SearchAction\",\"target\":{\"@type\":\"EntryPoint\",\"urlTemplate\":\"https:\/\/test.styleside.fi\/et\/?s={search_term_string}\"},\"query-input\":{\"@type\":\"PropertyValueSpecification\",\"valueRequired\":true,\"valueName\":\"search_term_string\"}}],\"inLanguage\":\"et\"}]}<\/script>\n<!-- \/ Yoast SEO plugin. -->","yoast_head_json":{"title":"Keeratud sangaga paberikott (koopia) -","robots":{"index":"noindex","follow":"follow","max-snippet":"max-snippet:-1","max-image-preview":"max-image-preview:large","max-video-preview":"max-video-preview:-1"},"og_locale":"et_EE","og_type":"article","og_title":"Keeratud sangaga paberikott (koopia) -","og_description":"Twisted handle paberkotid on keeratud k\u00e4epidemega paberkotid. Neid kotte kasutatakse tavaliselt paljudes jaekauplustes ja kauplustes. Nende keeratud k\u00e4epidemed pakuvad kasutajale ostude kandmisel t\u00e4iendavat tuge ja mugavust.","og_url":"https:\/\/test.styleside.fi\/et\/toode\/keerdsangaga-paberkott-copy\/","article_modified_time":"2026-02-06T16:15:17+00:00","og_image":[{"width":600,"height":600,"url":"https:\/\/test.styleside.fi\/wp-content\/uploads\/2026\/02\/twisted_1.png","type":"image\/png"}],"twitter_card":"summary_large_image","twitter_misc":{"Est. reading time":"1 minute"},"schema":{"@context":"https:\/\/schema.org","@graph":[{"@type":"WebPage","@id":"https:\/\/test.styleside.fi\/et\/toode\/keerdsangaga-paberkott-copy\/","url":"https:\/\/test.styleside.fi\/et\/toode\/keerdsangaga-paberkott-copy\/","name":"Keeratud sangaga paberikott (koopia) -","isPartOf":{"@id":"https:\/\/test.styleside.fi\/et\/#website"},"primaryImageOfPage":{"@id":"https:\/\/test.styleside.fi\/et\/toode\/keerdsangaga-paberkott-copy\/#primaryimage"},"image":{"@id":"https:\/\/test.styleside.fi\/et\/toode\/keerdsangaga-paberkott-copy\/#primaryimage"},"thumbnailUrl":"https:\/\/test.styleside.fi\/wp-content\/uploads\/2026\/02\/twisted_1.png","datePublished":"2026-02-06T16:09:16+00:00","dateModified":"2026-02-06T16:15:17+00:00","breadcrumb":{"@id":"https:\/\/test.styleside.fi\/et\/toode\/keerdsangaga-paberkott-copy\/#breadcrumb"},"inLanguage":"et","potentialAction":[{"@type":"ReadAction","target":["https:\/\/test.styleside.fi\/et\/toode\/keerdsangaga-paberkott-copy\/"]}]},{"@type":"ImageObject","inLanguage":"et","@id":"https:\/\/test.styleside.fi\/et\/toode\/keerdsangaga-paberkott-copy\/#primaryimage","url":"https:\/\/test.styleside.fi\/wp-content\/uploads\/2026\/02\/twisted_1.png","contentUrl":"https:\/\/test.styleside.fi\/wp-content\/uploads\/2026\/02\/twisted_1.png","width":600,"height":600},{"@type":"BreadcrumbList","@id":"https:\/\/test.styleside.fi\/et\/toode\/keerdsangaga-paberkott-copy\/#breadcrumb","itemListElement":[{"@type":"ListItem","position":1,"name":"Etusivu","item":"https:\/\/test.styleside.fi\/et\/kodu\/"},{"@type":"ListItem","position":2,"name":"Pood","item":"https:\/\/test.styleside.fi\/shop\/"},{"@type":"ListItem","position":3,"name":"Keeratud sangaga paberikott (koopia)"}]},{"@type":"WebSite","@id":"https:\/\/test.styleside.fi\/et\/#website","url":"https:\/\/test.styleside.fi\/et\/","name":"","description":"","potentialAction":[{"@type":"SearchAction","target":{"@type":"EntryPoint","urlTemplate":"https:\/\/test.styleside.fi\/et\/?s={search_term_string}"},"query-input":{"@type":"PropertyValueSpecification","valueRequired":true,"valueName":"search_term_string"}}],"inLanguage":"et"}]}},"_links":{"self":[{"href":"https:\/\/test.styleside.fi\/et\/wp-json\/wp\/v2\/product\/8262","targetHints":{"allow":["GET"]}}],"collection":[{"href":"https:\/\/test.styleside.fi\/et\/wp-json\/wp\/v2\/product"}],"about":[{"href":"https:\/\/test.styleside.fi\/et\/wp-json\/wp\/v2\/types\/product"}],"replies":[{"embeddable":true,"href":"https:\/\/test.styleside.fi\/et\/wp-json\/wp\/v2\/comments?post=8262"}],"wp:featuredmedia":[{"embeddable":true,"href":"https:\/\/test.styleside.fi\/et\/wp-json\/wp\/v2\/media\/8167"}],"wp:attachment":[{"href":"https:\/\/test.styleside.fi\/et\/wp-json\/wp\/v2\/media?parent=8262"}],"wp:term":[{"taxonomy":"product_brand","embeddable":true,"href":"https:\/\/test.styleside.fi\/et\/wp-json\/wp\/v2\/product_brand?post=8262"},{"taxonomy":"product_cat","embeddable":true,"href":"https:\/\/test.styleside.fi\/et\/wp-json\/wp\/v2\/product_cat?post=8262"},{"taxonomy":"product_tag","embeddable":true,"href":"https:\/\/test.styleside.fi\/et\/wp-json\/wp\/v2\/product_tag?post=8262"}],"curies":[{"name":"wp","href":"https:\/\/api.w.org\/{rel}","templated":true}]}}